{"id":4070,"date":"2023-06-14T09:37:53","date_gmt":"2023-06-14T09:37:53","guid":{"rendered":"https:\/\/sandybrown-scorpion-578487.hostingersite.com\/condiciones-de-contratacion\/"},"modified":"2024-05-27T13:02:31","modified_gmt":"2024-05-27T13:02:31","slug":"condiciones-de-contratacion","status":"publish","type":"page","link":"https:\/\/supinibiza.com\/es\/condiciones-de-contratacion\/","title":{"rendered":"Condiciones de contrataci\u00f3n"},"content":{"rendered":"\n<div class=\"inherit-container-width wp-block-group is-layout-constrained wp-block-group-is-layout-constrained\" style=\"padding-top:10%\">\n<div class=\"wp-block-columns is-layout-flex wp-container-core-columns-is-layout-a4151a4c wp-block-columns-is-layout-flex\" style=\"padding-top:0%;padding-right:0%;padding-bottom:2em;padding-left:0%\">\n<div class=\"wp-block-column is-layout-flow wp-block-column-is-layout-flow\">\n<h1 class=\"wp-block-heading has-luminous-vivid-amber-color has-text-color\">Condiciones de contrataci\u00f3n<\/h1>\n\n\n\n<p class=\"has-text-color\" style=\"color:#2b2b2b\">Condiciones generales y requisitos para participar en las actividades ofrecidas por <strong>Sup&#8217;in Ibiza<\/strong> temporada 2023<\/p>\n\n\n\n<p class=\"has-text-color\" style=\"color:#2b2b2b\">1 ) Todas las actividades guiadas incluyen:  <\/p>\n\n\n\n<ul class=\"has-text-color wp-block-list\" style=\"color:#2b2b2b\">\n<li>Interpretaci\u00f3n del paraje que recorremos. Historia y etnograf\u00eda. Hablamos de la geolog\u00eda del lugar y descubrimos la flora y fauna que nos rodea.  <\/li>\n\n\n\n<li>El material necesario para el correcto desarrollo de la actividad.<\/li>\n\n\n\n<li>Tentempi\u00e9 a media excursi\u00f3n (agua y fruta o snack)  <\/li>\n\n\n\n<li>Seguro de Responsabilidad Civil.  <\/li>\n\n\n\n<li>Seguro de accidentes.<\/li>\n\n\n\n<li>Gu\u00edas tituladas y expertos para cada actividad.  <\/li>\n\n\n\n<li>Atenci\u00f3n en varios idiomas: catal\u00e1n, castellano, ingl\u00e9s, franc\u00e9s e italiano.<\/li>\n<\/ul>\n\n\n\n<p class=\"has-text-color\" style=\"color:#2b2b2b\">2) En las actividades en el mar es imprescindible saber nadar y se recomienda traer: agua, ba\u00f1ador, camiseta que se pueda mojar, gorro, gafas de sol con banda, calzado que sujete bien el pie y se pueda mojar, protecci\u00f3n solar, una toalla y una muda de recambio.<\/p>\n\n\n\n<p class=\"has-text-color\" style=\"color:#2b2b2b\">3) En las actividades de senderismo se recomienda llevar: agua, protecci\u00f3n solar, gorro, buen calzado y ropa c\u00f3moda.<\/p>\n\n\n\n<p class=\"has-text-color\" style=\"color:#2b2b2b\">4) Es responsabilidad del cliente desplazarse hasta el lugar de salida de la actividad.<\/p>\n\n\n\n<p class=\"has-text-color\" style=\"color:#2b2b2b\">5) Se recomienda no llevar objetos de valor en las salidas. <strong>Sup&#8217;in Ibiza<\/strong> no se responsabiliza de posibles p\u00e9rdidas o da\u00f1os en el material personal.<\/p>\n\n\n\n<p class=\"has-text-color\" style=\"color:#2b2b2b\">6) El cliente se compromete a seguir en todo momento las instrucciones del personal gu\u00eda de la actividad.<\/p>\n\n\n\n<p class=\"has-text-color\" style=\"color:#2b2b2b\">7) Los menores de edad deber\u00e1n ir acompa\u00f1ados por una persona responsable o llevar una autorizaci\u00f3n firmada por \u00e9sta.<\/p>\n\n\n\n<p class=\"has-text-color\" style=\"color:#2b2b2b\">8) Informar al centro en caso de padecer alguna discapacidad, patolog\u00eda o cualquier otra circunstancia que pueda incidir en su capacidad de reacci\u00f3n.<\/p>\n\n\n\n<p class=\"has-text-color\" style=\"color:#2b2b2b\">9) El cliente se compromete a no estar bajo los efectos del alcohol, drogas o estupefacientes.<\/p>\n\n\n\n<p class=\"has-text-color\" style=\"color:#2b2b2b\">10) Imprescindible reserva previa.<\/p>\n\n\n\n<p class=\"has-text-color\" style=\"color:#2b2b2b\">11) El servicio de alquiler de material (sin gu\u00eda). Recomendamos a nuestros clientes que contraten su propio seguro de viaje.<\/p>\n\n\n\n<p class=\"has-text-color\" style=\"color:#2b2b2b\">El usuario declara que se compromete a respetar las normas medioambientales y de navegaci\u00f3n que sean de aplicaci\u00f3n en el periodo que dure el alquiler.<\/p>\n\n\n\n<p class=\"has-text-color\" style=\"color:#2b2b2b\">No devolvemos el dinero o cancelamos la reserva de cualquier art\u00edculo alquilado si las condiciones clim\u00e1ticas no son satisfactorias para los clientes (lluvia, viento, etc.).  <\/p>\n\n\n\n<p class=\"has-text-color\" style=\"color:#2b2b2b\">Los accesorios alquilados, que est\u00e1n perfectamente homologados y cumplen todas las medidas de seguridad y las garant\u00edas comerciales exigibles, el usuario se compromete a cuidarlos y devolverlos en el mismo estado en que se recibieron.<\/p>\n\n\n\n<p class=\"has-text-color\" style=\"color:#2b2b2b\">Si se produjera el robo, hurto, p\u00e9rdida o deterioro del material, el usuario tendr\u00e1 la obligaci\u00f3n de comunicarlo inmediatamente y abonar a la empresa el importe total del material sustra\u00eddo o deteriorado.<\/p>\n\n\n\n<p class=\"has-text-color\" style=\"color:#2b2b2b\">12) Sup&#8217;in <strong>Ibiza <\/strong>y nuestros gu\u00edas no pueden ser considerados responsables por da\u00f1os personales, p\u00e9rdida o da\u00f1o del material, cuando se produzcan como consecuencia de un mal uso o por no seguir instrucciones dadas por el personal de SUP&#8217;in Ibiza.<\/p>\n\n\n\n<h4 class=\"wp-block-heading has-text-color\" style=\"color:#2b2b2b\"><strong>Tarifas, reservas y pol\u00edtica de cancelaci\u00f3n  <\/strong><\/h4>\n\n\n\n<p class=\"has-text-color\" style=\"color:#2b2b2b\">1) Nuestras tarifas son por persona y con IVA.<\/p>\n\n\n\n<p class=\"has-text-color\" style=\"color:#2b2b2b\">2) Dependiendo de la actividad, el cliente en el momento de la confirmaci\u00f3n de la reserva, abonar\u00e1 el importe total o abonar\u00e1 10 \u20ac por cada plaza reservada y el resto se abonar\u00e1 el d\u00eda de la actividad.<\/p>\n\n\n\n<p class=\"has-text-color\" style=\"color:#2b2b2b\">3) Nuestras actividades est\u00e1n sujetas al cambio de las condiciones meteorol\u00f3gicas y al estado del mar, incluso durante la salida. Por tal motivo la aceptaci\u00f3n de un presupuesto y el pago de una reserva conlleva aceptar las condiciones de modificaci\u00f3n y cancelaci\u00f3n debidas a condiciones meteorol\u00f3gicas adversas.  <strong>Pol\u00edtica de cancelaci\u00f3n ante meteorolog\u00eda adversa:<\/strong> El gu\u00eda de <strong>Sup&#8217;in<\/strong> Ibiza tiene potestad para cancelar o modificar la actividad ante condiciones meteorol\u00f3gicas adversas o cualquier otra circunstancia de fuerza mayor que interfieran en la seguridad del grupo. En caso de anulaci\u00f3n previa por parte de <strong>Sup&#8217;in Ibiza<\/strong>, el cliente puede elegir entre el aplazamiento de la actividad, realizar otra que la sustituya o la devoluci\u00f3n del importe abonado.<\/p>\n\n\n\n<p class=\"has-text-color\" style=\"color:#2b2b2b\">4) Cuando el <strong>cliente cancele o modifique<\/strong> una reserva durante las 24 horas anteriores al inicio de la actividad, se aplicar\u00e1 en concepto de penalizaci\u00f3n el importe abonado de la reserva. No se penalizan las cancelaciones comunicadas con m\u00e1s de 24 horas de antelaci\u00f3n.<\/p>\n\n\n\n<p class=\"has-text-color\" style=\"color:#2b2b2b\">Mediante el pago de una reserva, alquiler o ruta se da por entendido que el cliente ha le\u00eddo y acepta nuestros t\u00e9rminos y condiciones.<\/p>\n\n\n\n<p class=\"has-text-color\" style=\"color:#2b2b2b\">Para cualquier demanda o reclamaci\u00f3n contra <strong>Sup&#8217;in<\/strong> Ibiza se llevar\u00e1 a cabo en los juzgados y tribunales de Ibiza.<\/p>\n<\/div>\n<\/div>\n<\/div>\n","protected":false},"excerpt":{"rendered":"<p>Condiciones de contrataci\u00f3n Condiciones generales y requisitos para participar en las actividades ofrecidas por Sup&#8217;in Ibiza temporada 2023 1 ) Todas las actividades guiadas incluyen: 2) En las actividades en el mar es imprescindible saber nadar y se recomienda traer: agua, ba\u00f1ador, camiseta que se pueda mojar, gorro, gafas de sol con banda, calzado que [&hellip;]<\/p>\n","protected":false},"author":1,"featured_media":0,"parent":0,"menu_order":0,"comment_status":"closed","ping_status":"open","template":"","meta":{"inline_featured_image":false,"_uag_custom_page_level_css":"","site-sidebar-layout":"default","site-content-layout":"","ast-site-content-layout":"default","site-content-style":"default","site-sidebar-style":"default","ast-global-header-display":"","ast-banner-title-visibility":"","ast-main-header-display":"","ast-hfb-above-header-display":"","ast-hfb-below-header-display":"","ast-hfb-mobile-header-display":"","site-post-title":"","ast-breadcrumbs-content":"","ast-featured-img":"","footer-sml-layout":"","ast-disable-related-posts":"","theme-transparent-header-meta":"","adv-header-id-meta":"","stick-header-meta":"","header-above-stick-meta":"","header-main-stick-meta":"","header-below-stick-meta":"","astra-migrate-meta-layouts":"default","ast-page-background-enabled":"default","ast-page-background-meta":{"desktop":{"background-color":"var(--ast-global-color-4)","background-image":"","background-repeat":"repeat","background-position":"center center","background-size":"auto","background-attachment":"scroll","background-type":"","background-media":"","overlay-type":"","overlay-color":"","overlay-opacity":"","overlay-gradient":""},"tablet":{"background-color":"","background-image":"","background-repeat":"repeat","background-position":"center center","background-size":"auto","background-attachment":"scroll","background-type":"","background-media":"","overlay-type":"","overlay-color":"","overlay-opacity":"","overlay-gradient":""},"mobile":{"background-color":"","background-image":"","background-repeat":"repeat","background-position":"center center","background-size":"auto","background-attachment":"scroll","background-type":"","background-media":"","overlay-type":"","overlay-color":"","overlay-opacity":"","overlay-gradient":""}},"ast-content-background-meta":{"desktop":{"background-color":"var(--ast-global-color-5)","background-image":"","background-repeat":"repeat","background-position":"center center","background-size":"auto","background-attachment":"scroll","background-type":"","background-media":"","overlay-type":"","overlay-color":"","overlay-opacity":"","overlay-gradient":""},"tablet":{"background-color":"var(--ast-global-color-5)","background-image":"","background-repeat":"repeat","background-position":"center center","background-size":"auto","background-attachment":"scroll","background-type":"","background-media":"","overlay-type":"","overlay-color":"","overlay-opacity":"","overlay-gradient":""},"mobile":{"background-color":"var(--ast-global-color-5)","background-image":"","background-repeat":"repeat","background-position":"center center","background-size":"auto","background-attachment":"scroll","background-type":"","background-media":"","overlay-type":"","overlay-color":"","overlay-opacity":"","overlay-gradient":""}},"_joinchat":[],"footnotes":""},"class_list":["post-4070","page","type-page","status-publish","hentry"],"yoast_head":"<!-- This site is optimized with the Yoast SEO plugin v27.5 - https:\/\/yoast.com\/product\/yoast-seo-wordpress\/ -->\n<title>Condiciones de contrataci\u00f3n - SUP&#039;in Ibiza<\/title>\n<meta name=\"robots\" content=\"index, follow, max-snippet:-1, max-image-preview:large, max-video-preview:-1\" \/>\n<link rel=\"canonical\" href=\"https:\/\/supinibiza.com\/es\/condiciones-de-contratacion\/\" \/>\n<meta property=\"og:locale\" content=\"es_ES\" \/>\n<meta property=\"og:type\" content=\"article\" \/>\n<meta property=\"og:title\" content=\"Condiciones de contrataci\u00f3n - SUP&#039;in Ibiza\" \/>\n<meta property=\"og:description\" content=\"Condiciones de contrataci\u00f3n Condiciones generales y requisitos para participar en las actividades ofrecidas por Sup&#8217;in Ibiza temporada 2023 1 ) Todas las actividades guiadas incluyen: 2) En las actividades en el mar es imprescindible saber nadar y se recomienda traer: agua, ba\u00f1ador, camiseta que se pueda mojar, gorro, gafas de sol con banda, calzado que [&hellip;]\" \/>\n<meta property=\"og:url\" content=\"https:\/\/supinibiza.com\/es\/condiciones-de-contratacion\/\" \/>\n<meta property=\"og:site_name\" content=\"SUP&#039;in Ibiza\" \/>\n<meta property=\"article:modified_time\" content=\"2024-05-27T13:02:31+00:00\" \/>\n<meta property=\"og:image\" content=\"https:\/\/supinibiza.com\/wp-content\/uploads\/2023\/04\/benner-principal-1-1024x533.jpg\" \/>\n\t<meta property=\"og:image:width\" content=\"1024\" \/>\n\t<meta property=\"og:image:height\" content=\"533\" \/>\n\t<meta property=\"og:image:type\" content=\"image\/jpeg\" \/>\n<meta name=\"twitter:card\" content=\"summary_large_image\" \/>\n<meta name=\"twitter:label1\" content=\"Tiempo de lectura\" \/>\n\t<meta name=\"twitter:data1\" content=\"4 minutos\" \/>\n<script type=\"application\/ld+json\" class=\"yoast-schema-graph\">{\"@context\":\"https:\\\/\\\/schema.org\",\"@graph\":[{\"@type\":\"WebPage\",\"@id\":\"https:\\\/\\\/supinibiza.com\\\/es\\\/condiciones-de-contratacion\\\/\",\"url\":\"https:\\\/\\\/supinibiza.com\\\/es\\\/condiciones-de-contratacion\\\/\",\"name\":\"Condiciones de contrataci\u00f3n - SUP&#039;in Ibiza\",\"isPartOf\":{\"@id\":\"https:\\\/\\\/supinibiza.com\\\/es\\\/#website\"},\"datePublished\":\"2023-06-14T09:37:53+00:00\",\"dateModified\":\"2024-05-27T13:02:31+00:00\",\"breadcrumb\":{\"@id\":\"https:\\\/\\\/supinibiza.com\\\/es\\\/condiciones-de-contratacion\\\/#breadcrumb\"},\"inLanguage\":\"es\",\"potentialAction\":[{\"@type\":\"ReadAction\",\"target\":[\"https:\\\/\\\/supinibiza.com\\\/es\\\/condiciones-de-contratacion\\\/\"]}]},{\"@type\":\"BreadcrumbList\",\"@id\":\"https:\\\/\\\/supinibiza.com\\\/es\\\/condiciones-de-contratacion\\\/#breadcrumb\",\"itemListElement\":[{\"@type\":\"ListItem\",\"position\":1,\"name\":\"Home\",\"item\":\"https:\\\/\\\/supinibiza.com\\\/es\\\/\"},{\"@type\":\"ListItem\",\"position\":2,\"name\":\"Condiciones de contrataci\u00f3n\"}]},{\"@type\":\"WebSite\",\"@id\":\"https:\\\/\\\/supinibiza.com\\\/es\\\/#website\",\"url\":\"https:\\\/\\\/supinibiza.com\\\/es\\\/\",\"name\":\"SUP'in Ibiza\",\"description\":\"We are SUP&#039;in Ibiza! Daily excursions, SUP school for all levels, and board rental. We are on the beach in es Figueral, Ibiza. In summer we open every day from 10am to 6.30pm but we are active all year! Ask us for more info!\",\"publisher\":{\"@id\":\"https:\\\/\\\/supinibiza.com\\\/es\\\/#organization\"},\"potentialAction\":[{\"@type\":\"SearchAction\",\"target\":{\"@type\":\"EntryPoint\",\"urlTemplate\":\"https:\\\/\\\/supinibiza.com\\\/es\\\/?s={search_term_string}\"},\"query-input\":{\"@type\":\"PropertyValueSpecification\",\"valueRequired\":true,\"valueName\":\"search_term_string\"}}],\"inLanguage\":\"es\"},{\"@type\":\"Organization\",\"@id\":\"https:\\\/\\\/supinibiza.com\\\/es\\\/#organization\",\"name\":\"SUP'in Ibiza\",\"url\":\"https:\\\/\\\/supinibiza.com\\\/es\\\/\",\"logo\":{\"@type\":\"ImageObject\",\"inLanguage\":\"es\",\"@id\":\"https:\\\/\\\/supinibiza.com\\\/es\\\/#\\\/schema\\\/logo\\\/image\\\/\",\"url\":\"http:\\\/\\\/supinibiza.com\\\/wp-content\\\/uploads\\\/2023\\\/04\\\/logo-color-1.svg\",\"contentUrl\":\"http:\\\/\\\/supinibiza.com\\\/wp-content\\\/uploads\\\/2023\\\/04\\\/logo-color-1.svg\",\"width\":333,\"height\":208,\"caption\":\"SUP'in Ibiza\"},\"image\":{\"@id\":\"https:\\\/\\\/supinibiza.com\\\/es\\\/#\\\/schema\\\/logo\\\/image\\\/\"}}]}<\/script>\n<!-- \/ Yoast SEO plugin. -->","yoast_head_json":{"title":"Condiciones de contrataci\u00f3n - SUP&#039;in Ibiza","robots":{"index":"index","follow":"follow","max-snippet":"max-snippet:-1","max-image-preview":"max-image-preview:large","max-video-preview":"max-video-preview:-1"},"canonical":"https:\/\/supinibiza.com\/es\/condiciones-de-contratacion\/","og_locale":"es_ES","og_type":"article","og_title":"Condiciones de contrataci\u00f3n - SUP&#039;in Ibiza","og_description":"Condiciones de contrataci\u00f3n Condiciones generales y requisitos para participar en las actividades ofrecidas por Sup&#8217;in Ibiza temporada 2023 1 ) Todas las actividades guiadas incluyen: 2) En las actividades en el mar es imprescindible saber nadar y se recomienda traer: agua, ba\u00f1ador, camiseta que se pueda mojar, gorro, gafas de sol con banda, calzado que [&hellip;]","og_url":"https:\/\/supinibiza.com\/es\/condiciones-de-contratacion\/","og_site_name":"SUP&#039;in Ibiza","article_modified_time":"2024-05-27T13:02:31+00:00","og_image":[{"width":1024,"height":533,"url":"https:\/\/supinibiza.com\/wp-content\/uploads\/2023\/04\/benner-principal-1-1024x533.jpg","type":"image\/jpeg"}],"twitter_card":"summary_large_image","twitter_misc":{"Tiempo de lectura":"4 minutos"},"schema":{"@context":"https:\/\/schema.org","@graph":[{"@type":"WebPage","@id":"https:\/\/supinibiza.com\/es\/condiciones-de-contratacion\/","url":"https:\/\/supinibiza.com\/es\/condiciones-de-contratacion\/","name":"Condiciones de contrataci\u00f3n - SUP&#039;in Ibiza","isPartOf":{"@id":"https:\/\/supinibiza.com\/es\/#website"},"datePublished":"2023-06-14T09:37:53+00:00","dateModified":"2024-05-27T13:02:31+00:00","breadcrumb":{"@id":"https:\/\/supinibiza.com\/es\/condiciones-de-contratacion\/#breadcrumb"},"inLanguage":"es","potentialAction":[{"@type":"ReadAction","target":["https:\/\/supinibiza.com\/es\/condiciones-de-contratacion\/"]}]},{"@type":"BreadcrumbList","@id":"https:\/\/supinibiza.com\/es\/condiciones-de-contratacion\/#breadcrumb","itemListElement":[{"@type":"ListItem","position":1,"name":"Home","item":"https:\/\/supinibiza.com\/es\/"},{"@type":"ListItem","position":2,"name":"Condiciones de contrataci\u00f3n"}]},{"@type":"WebSite","@id":"https:\/\/supinibiza.com\/es\/#website","url":"https:\/\/supinibiza.com\/es\/","name":"SUP'in Ibiza","description":"We are SUP&#039;in Ibiza! Daily excursions, SUP school for all levels, and board rental. We are on the beach in es Figueral, Ibiza. In summer we open every day from 10am to 6.30pm but we are active all year! Ask us for more info!","publisher":{"@id":"https:\/\/supinibiza.com\/es\/#organization"},"potentialAction":[{"@type":"SearchAction","target":{"@type":"EntryPoint","urlTemplate":"https:\/\/supinibiza.com\/es\/?s={search_term_string}"},"query-input":{"@type":"PropertyValueSpecification","valueRequired":true,"valueName":"search_term_string"}}],"inLanguage":"es"},{"@type":"Organization","@id":"https:\/\/supinibiza.com\/es\/#organization","name":"SUP'in Ibiza","url":"https:\/\/supinibiza.com\/es\/","logo":{"@type":"ImageObject","inLanguage":"es","@id":"https:\/\/supinibiza.com\/es\/#\/schema\/logo\/image\/","url":"http:\/\/supinibiza.com\/wp-content\/uploads\/2023\/04\/logo-color-1.svg","contentUrl":"http:\/\/supinibiza.com\/wp-content\/uploads\/2023\/04\/logo-color-1.svg","width":333,"height":208,"caption":"SUP'in Ibiza"},"image":{"@id":"https:\/\/supinibiza.com\/es\/#\/schema\/logo\/image\/"}}]}},"uagb_featured_image_src":{"full":false,"thumbnail":false,"medium":false,"medium_large":false,"large":false,"1536x1536":false,"2048x2048":false},"uagb_author_info":{"display_name":"godoysilvana.d@gmail.com","author_link":"https:\/\/supinibiza.com\/es\/author\/godoysilvana-dgmail-com\/"},"uagb_comment_info":0,"uagb_excerpt":"Condiciones de contrataci\u00f3n Condiciones generales y requisitos para participar en las actividades ofrecidas por Sup&#8217;in Ibiza temporada 2023 1 ) Todas las actividades guiadas incluyen: 2) En las actividades en el mar es imprescindible saber nadar y se recomienda traer: agua, ba\u00f1ador, camiseta que se pueda mojar, gorro, gafas de sol con banda, calzado que&hellip;","_links":{"self":[{"href":"https:\/\/supinibiza.com\/es\/wp-json\/wp\/v2\/pages\/4070","targetHints":{"allow":["GET"]}}],"collection":[{"href":"https:\/\/supinibiza.com\/es\/wp-json\/wp\/v2\/pages"}],"about":[{"href":"https:\/\/supinibiza.com\/es\/wp-json\/wp\/v2\/types\/page"}],"author":[{"embeddable":true,"href":"https:\/\/supinibiza.com\/es\/wp-json\/wp\/v2\/users\/1"}],"replies":[{"embeddable":true,"href":"https:\/\/supinibiza.com\/es\/wp-json\/wp\/v2\/comments?post=4070"}],"version-history":[{"count":0,"href":"https:\/\/supinibiza.com\/es\/wp-json\/wp\/v2\/pages\/4070\/revisions"}],"wp:attachment":[{"href":"https:\/\/supinibiza.com\/es\/wp-json\/wp\/v2\/media?parent=4070"}],"curies":[{"name":"wp","href":"https:\/\/api.w.org\/{rel}","templated":true}]}}