{"id":4069,"date":"2023-06-13T18:05:31","date_gmt":"2023-06-13T18:05:31","guid":{"rendered":"https:\/\/sandybrown-scorpion-578487.hostingersite.com\/aviso-legal\/"},"modified":"2024-05-27T13:01:46","modified_gmt":"2024-05-27T13:01:46","slug":"aviso-legal","status":"publish","type":"page","link":"https:\/\/supinibiza.com\/es\/aviso-legal\/","title":{"rendered":"Aviso legal"},"content":{"rendered":"\n<div class=\"inherit-container-width wp-block-group is-layout-constrained wp-block-group-is-layout-constrained\" style=\"padding-top:10%\">\n<div class=\"wp-block-columns is-layout-flex wp-container-core-columns-is-layout-a4151a4c wp-block-columns-is-layout-flex\" style=\"padding-top:0%;padding-right:0%;padding-bottom:2em;padding-left:0%\">\n<div class=\"wp-block-column is-layout-flow wp-block-column-is-layout-flow\">\n<h1 class=\"wp-block-heading has-luminous-vivid-amber-color has-text-color\">Aviso legal<\/h1>\n\n\n\n<p class=\"has-text-color\" style=\"color:#2b2b2b\">Para dar cumplimiento con lo establecido en la Ley 34\/ 2002, de 11 de Julio, de servicios de la sociedad de la informaci\u00f3n y de comercio electr\u00f3nico, a continuaci\u00f3n se indican los datos de informaci\u00f3n general de este sitio web:<\/p>\n\n\n\n<p class=\"has-text-color\" style=\"color:#2b2b2b\">Identidad del Responsable: Lauren Young<br\/>Nombre comercial: SUP&#8217;in Ibiza<br\/>Raz\u00f3n social: Ibiza Outdoor Experiences Sociedad Microcooperativa<br\/>NIF\/CIF: F13728258<br\/>Direcci\u00f3n: Calle Riu Danubi, 162 07800 Eivissa<br\/>Correo electr\u00f3nico: info@sandybrown-scorpion-578487.hostingersite.com<\/p>\n\n\n\n<h4 class=\"wp-block-heading has-text-color\" style=\"color:#2b2b2b\"><strong>Objetivo<\/strong><\/h4>\n\n\n\n<p class=\"has-black-color has-text-color\">La presente p\u00e1gina web propiedad de <strong>Ibiza Outdoor Experiences Sociedad Microcooperativa<\/strong> ha sido creada y dise\u00f1ada para dar a conocer y permitir el acceso general de todos los usuarios de internet, a la informaci\u00f3n, actividades, productos y servicios ofertados por esta entidad.<\/p>\n\n\n\n<p class=\"has-text-color\" style=\"color:#2b2b2b\">El presente aviso legal tiene como objeto establecer las Condiciones Generales que regulen el acceso y uso general de la citada p\u00e1gina web por parte de todos los usuarios, de manera que el acceso y uso de \u00e9sta implica necesariamente, la sumisi\u00f3n y aceptaci\u00f3n de las Condiciones Generales citadas incluidas en este Aviso Legal.<\/p>\n\n\n\n<h4 class=\"wp-block-heading has-text-color\" style=\"color:#2b2b2b\"><strong>Usuario<\/strong><\/h4>\n\n\n\n<p class=\"has-text-color\" style=\"color:#2b2b2b\">La utilizaci\u00f3n de esta p\u00e1gina Web le atribuye la condici\u00f3n de usuario de la misma.<\/p>\n\n\n\n<p class=\"has-text-color\" style=\"color:#2b2b2b\">Se recomienda al usuario que lea atenta y detenidamente las condiciones e instrucciones publicadas cada vez que acceda a esta p\u00e1gina web, dado que el acceso implica su lectura y aceptaci\u00f3n. Mediante el acceso y uso de  <strong>https:\/\/sandybrown-scorpion-578487.hostingersite.com\/  <\/strong>o cualquiera de sus p\u00e1ginas y subdominios, el usuario manifiesta su acuerdo de forma expresa, plena y sin reservas a las condiciones e instrucciones publicadas en el aviso legal en el momento del acceso sin perjuicio de la aplicaci\u00f3n de la correspondiente normativa de obligado cumplimiento legal seg\u00fan el caso.<\/p>\n\n\n\n<h4 class=\"wp-block-heading has-text-color\" style=\"color:#2b2b2b\"><strong><strong>Exclusi\u00f3n de responsabilidad por el funcionamiento del Portal y sus servicios:<\/strong><\/strong><\/h4>\n\n\n\n<p class=\"has-text-color\" style=\"color:#2b2b2b\"><strong>Ibiza Outdoor Experiences Sociedad Microcooperativa<\/strong> no garantiza la disponibilidad y continuidad del funcionamiento del Portal, de sus servicios y sus contenidos; si fuera razonablemente posible, la empresa avisar\u00e1 previamente de las interrupciones en el funcionamiento de los mismos. La empresa no es responsable por los da\u00f1os o perjuicios de cualquier naturaleza que puedan deberse a la falta de disponibilidad o de continuidad del Portal o de cualquiera de sus servicios, o por los fallos en el acceso a las distintas p\u00e1ginas web del Portal o aquellas desde las que se prestan determinados servicios.<\/p>\n\n\n\n<h4 class=\"wp-block-heading has-text-color\" style=\"color:#2b2b2b\"><strong><strong><strong>Exclusi\u00f3n de responsabilidad sobre la informaci\u00f3n gr\u00e1fica disponible en el portal:<\/strong><\/strong><\/strong><\/h4>\n\n\n\n<p class=\"has-text-color\" style=\"color:#2b2b2b\">Toda la documentaci\u00f3n gr\u00e1fica incluida en esta p\u00e1gina Web referente a las distintas promociones o bienes inmuebles es meramente orientativa y est\u00e1 sometida a posibles cambios exigidos por la evoluci\u00f3n t\u00e9cnica de los proyectos y su ejecuci\u00f3n. EN NING\u00daN CASO ESTA INFORMACI\u00d3N CONSTITUYE DOCUMENTO CONTRACTUAL.<\/p>\n\n\n\n<h4 class=\"wp-block-heading has-text-color\" style=\"color:#2b2b2b\"><strong><strong><strong><strong>Ley de consumidores:<\/strong><\/strong><\/strong><\/strong><\/h4>\n\n\n\n<p class=\"has-text-color\" style=\"color:#2b2b2b\">La informaci\u00f3n de cada promoci\u00f3n con productos para su comercializaci\u00f3n, es orientativa y de car\u00e1cter general, estando sujeta a posibles cambios. Toda la informaci\u00f3n relativa al R. D. 515\/89 del 21 de Abril, se encuentra a disposici\u00f3n de los compradores en las oficinas de la empresa.<\/p>\n\n\n\n<h4 class=\"wp-block-heading has-text-color\" style=\"color:#2b2b2b\"><strong><strong><strong><strong><strong>Utilizaci\u00f3n del Portal y los servicios por los usuarios:<\/strong><\/strong><\/strong><\/strong><\/strong><\/h4>\n\n\n\n<p class=\"has-text-color\" style=\"color:#2b2b2b\">Salvo que haya obtenido previa y expresa autorizaci\u00f3n espec\u00edficamente otorgada al efecto por parte de la empresa, el usuario se abstendr\u00e1 de obtener o intentar obtener cualquier tipo de contenidos, ya sean textos, gr\u00e1ficos, dibujos, archivos de sonido, im\u00e1genes o fotograf\u00edas, v\u00eddeos, software y en general cualquier clase de material accesible a trav\u00e9s del Portal o los servicios, empleando para ello medios distintos de los que se hayan puesto a su disposici\u00f3n a este efecto o de los que se empleen habitualmente a este efecto en Internet.<\/p>\n\n\n\n<p class=\"has-text-color\" style=\"color:#2b2b2b\">As\u00ed mismo, el usuario se compromete a no hacer uso del mismo para fines o actividades ilegales o il\u00edcitas; en consecuencia, no podr\u00e1 variar ninguno de los elementos incorporados en nuestra web, copiar, distribuir, transmitir, presentar, realizar, o en general, reproducir de cualquier modo, publicar, autorizar o crear cualquier trabajo en base a la informaci\u00f3n o el contenido incorporado en nuestro sitio web por  <strong>Ibiza Outdoor Experiences Sociedad Microcooperativa<\/strong> sus agentes, directivos, filiales y\/o empleados.<\/p>\n\n\n\n<h4 class=\"wp-block-heading has-text-color\" style=\"color:#2b2b2b\"><strong><strong><strong><strong><strong><strong>Exclusi\u00f3n de responsabilidad de los contenidos:<\/strong><\/strong><\/strong><\/strong><\/strong><\/strong><\/h4>\n\n\n\n<p class=\"has-text-color\" style=\"color:#2b2b2b\">La empresa no es en ning\u00fan caso responsable, ni de forma directa ni subsidiaria, por ning\u00fan contenido, informaci\u00f3n, comunicaci\u00f3n, opini\u00f3n o manifestaci\u00f3n de cualquier tipo que tenga su origen en el usuario o cualquier persona o entidad y que se comunique, difunda, transmita o exhiba a trav\u00e9s de los servicios del Portal.<\/p>\n\n\n\n<h4 class=\"wp-block-heading has-text-color\" style=\"color:#2b2b2b\"><strong><strong><strong><strong><strong><strong><strong>Exclusi\u00f3n de responsabilidad por los contenidos y servicios alojados fuera del Portal:<\/strong> <\/strong><\/strong><\/strong><\/strong><\/strong><\/strong><\/h4>\n\n\n\n<p class=\"has-text-color\" style=\"color:#2b2b2b\">El Portal pone a disposici\u00f3n de los usuarios dispositivos t\u00e9cnicos de enlaces, ya sean enlaces, directorios o herramientas de b\u00fasqueda, los cuales permiten el acceso a p\u00e1ginas web o sitios que son gestionados por terceros. La empresa no ejerce ninguna titularidad sobre los mismos, y no comercializa ni ofrece los contenidos y servicios que contienen, por lo tanto no asume ninguna responsabilidad ni directa ni subsidiaria sobre dichas p\u00e1ginas web o sites.<\/p>\n\n\n\n<h4 class=\"wp-block-heading has-text-color\" style=\"color:#2b2b2b\"><strong><strong><strong><strong><strong><strong><strong>Modificaciones:<\/strong><\/strong><\/strong><\/strong><\/strong><\/strong><\/strong><\/h4>\n\n\n\n<p class=\"has-text-color\" style=\"color:#2b2b2b\"><strong>Ibiza Outdoor Experiences Sociedad Microcooperativa<\/strong> se reserva el derecho a realizar las modificaciones que considere oportunas, sin previo aviso, en el contenido de su sitio web. Tanto en lo referente a los contenidos del sitio web, como en las condiciones de uso del mismo, o en las condiciones generales de contrataci\u00f3n. Dichas modificaciones podr\u00e1n realizarse a trav\u00e9s de su sitio web por cualquier forma admisible en derecho y ser\u00e1n de obligado cumplimiento durante el tiempo en que se encuentren publicadas en el web y hasta que no sean modificadas v\u00e1lidamente por otras posteriores.<\/p>\n\n\n\n<h4 class=\"wp-block-heading has-text-color\" style=\"color:#2b2b2b\"><strong>Propiedad Intelectual e Industrial:<\/strong><\/h4>\n\n\n\n<p class=\"has-text-color\" style=\"color:#2b2b2b\">Todos los contenidos as\u00ed como nombres, logos, marcas y bases de datos accesibles en las p\u00e1ginas web del Portal est\u00e1n sujetos a derechos de propiedad industrial e intelectual de la empresa o de terceros titulares de los mismos. En ning\u00fan caso el acceso a las p\u00e1ginas web del Portal implica ning\u00fan tipo de renuncia, transmisi\u00f3n o cesi\u00f3n total o parcial de los mencionados derechos, ni confiere ning\u00fan derecho de utilizaci\u00f3n, alteraci\u00f3n, explotaci\u00f3n, reproducci\u00f3n, distribuci\u00f3n o comunicaci\u00f3n p\u00fablica sobre los contenidos o bienes de propiedad industrial sin la previa y expresa autorizaci\u00f3n espec\u00edficamente otorgada a tal efecto por parte de la empresa o del tercero titular de los derechos, salvo los derechos de visualizar y de realizar copias para uso personal y exclusivo del usuario, los cuales deber\u00e1n ejercerse siempre conforme a los principios de la buena fe y la legislaci\u00f3n aplicable.<\/p>\n\n\n\n<h4 class=\"wp-block-heading has-text-color\" style=\"color:#2b2b2b\"><strong>Protecci\u00f3n de datos<\/strong><\/h4>\n\n\n\n<p class=\"has-text-color\" style=\"color:#2b2b2b\">Mediante el presente Aviso Legal y de acuerdo con lo establecido en la Ley Org\u00e1nica 15\/1999, de Protecci\u00f3n de Datos de Car\u00e1cter Personal, la empresa avisa a los usuarios de su pol\u00edtica de protecci\u00f3n de datos, para que \u00e9stos determinen libre y voluntariamente si desean facilitar los datos personales que se le puedan requerir con ocasi\u00f3n de la suscripci\u00f3n o alta en algunos de los servicios ofrecidos. Salvo en los campos en que se indique lo contrario, las respuestas a las preguntas sobre datos personales son voluntarias. Los datos personales recogidos ser\u00e1n tratados de forma secreta y confidencial y su recogida tiene como finalidad la gesti\u00f3n y prestaci\u00f3n de los servicios ofrecidos por la empresa en el Portal en cada momento. El usuario acepta que los datos personales por \u00e9l facilitados puedan ser objeto de tratamiento en ficheros automatizados titularidad y responsabilidad de la empresa.<br\/>El usuario puede ejercer sus derechos de acceso, rectificaci\u00f3n, cancelaci\u00f3n y oposici\u00f3n en: SCalle Riu Danubi, 162 07800 Eivissa, Ibiza, Illes Balears o al correo electr\u00f3nico: info@sandybrown-scorpion-578487.hostingersite.com  <\/p>\n\n\n\n<h4 class=\"wp-block-heading has-text-color\" style=\"color:#2b2b2b\"><strong><strong>Ley Aplicable y Fuero:<\/strong><\/strong><\/h4>\n\n\n\n<p class=\"has-text-color\" style=\"color:#2b2b2b\">Estas Condiciones Generales se rigen por la ley espa\u00f1ola. Para cualquier controversia que pudiera derivarse de la aplicaci\u00f3n de los servicios o interpretaci\u00f3n o aplicaci\u00f3n de las Condiciones Generales, la Empresa y el usuario, con renuncia expresa a su fuero propio se someten al de los Juzgados y Tribunales de Ibiza.<\/p>\n<\/div>\n<\/div>\n<\/div>\n","protected":false},"excerpt":{"rendered":"<p>Aviso legal Para dar cumplimiento con lo establecido en la Ley 34\/ 2002, de 11 de Julio, de servicios de la sociedad de la informaci\u00f3n y de comercio electr\u00f3nico, a continuaci\u00f3n se indican los datos de informaci\u00f3n general de este sitio web: Identidad del Responsable: Lauren YoungNombre comercial: SUP&#8217;in IbizaRaz\u00f3n social: Ibiza Outdoor Experiences Sociedad [&hellip;]<\/p>\n","protected":false},"author":1,"featured_media":0,"parent":0,"menu_order":0,"comment_status":"closed","ping_status":"open","template":"","meta":{"inline_featured_image":false,"_uag_custom_page_level_css":"","site-sidebar-layout":"default","site-content-layout":"","ast-site-content-layout":"default","site-content-style":"default","site-sidebar-style":"default","ast-global-header-display":"","ast-banner-title-visibility":"","ast-main-header-display":"","ast-hfb-above-header-display":"","ast-hfb-below-header-display":"","ast-hfb-mobile-header-display":"","site-post-title":"","ast-breadcrumbs-content":"","ast-featured-img":"","footer-sml-layout":"","ast-disable-related-posts":"","theme-transparent-header-meta":"","adv-header-id-meta":"","stick-header-meta":"","header-above-stick-meta":"","header-main-stick-meta":"","header-below-stick-meta":"","astra-migrate-meta-layouts":"default","ast-page-background-enabled":"default","ast-page-background-meta":{"desktop":{"background-color":"var(--ast-global-color-4)","background-image":"","background-repeat":"repeat","background-position":"center center","background-size":"auto","background-attachment":"scroll","background-type":"","background-media":"","overlay-type":"","overlay-color":"","overlay-opacity":"","overlay-gradient":""},"tablet":{"background-color":"","background-image":"","background-repeat":"repeat","background-position":"center center","background-size":"auto","background-attachment":"scroll","background-type":"","background-media":"","overlay-type":"","overlay-color":"","overlay-opacity":"","overlay-gradient":""},"mobile":{"background-color":"","background-image":"","background-repeat":"repeat","background-position":"center center","background-size":"auto","background-attachment":"scroll","background-type":"","background-media":"","overlay-type":"","overlay-color":"","overlay-opacity":"","overlay-gradient":""}},"ast-content-background-meta":{"desktop":{"background-color":"var(--ast-global-color-5)","background-image":"","background-repeat":"repeat","background-position":"center center","background-size":"auto","background-attachment":"scroll","background-type":"","background-media":"","overlay-type":"","overlay-color":"","overlay-opacity":"","overlay-gradient":""},"tablet":{"background-color":"var(--ast-global-color-5)","background-image":"","background-repeat":"repeat","background-position":"center center","background-size":"auto","background-attachment":"scroll","background-type":"","background-media":"","overlay-type":"","overlay-color":"","overlay-opacity":"","overlay-gradient":""},"mobile":{"background-color":"var(--ast-global-color-5)","background-image":"","background-repeat":"repeat","background-position":"center center","background-size":"auto","background-attachment":"scroll","background-type":"","background-media":"","overlay-type":"","overlay-color":"","overlay-opacity":"","overlay-gradient":""}},"_joinchat":[],"footnotes":""},"class_list":["post-4069","page","type-page","status-publish","hentry"],"yoast_head":"<!-- This site is optimized with the Yoast SEO plugin v27.5 - https:\/\/yoast.com\/product\/yoast-seo-wordpress\/ -->\n<title>Aviso legal - SUP&#039;in Ibiza<\/title>\n<meta name=\"robots\" content=\"index, follow, max-snippet:-1, max-image-preview:large, max-video-preview:-1\" \/>\n<link rel=\"canonical\" href=\"https:\/\/supinibiza.com\/es\/aviso-legal\/\" \/>\n<meta property=\"og:locale\" content=\"es_ES\" \/>\n<meta property=\"og:type\" content=\"article\" \/>\n<meta property=\"og:title\" content=\"Aviso legal - SUP&#039;in Ibiza\" \/>\n<meta property=\"og:description\" content=\"Aviso legal Para dar cumplimiento con lo establecido en la Ley 34\/ 2002, de 11 de Julio, de servicios de la sociedad de la informaci\u00f3n y de comercio electr\u00f3nico, a continuaci\u00f3n se indican los datos de informaci\u00f3n general de este sitio web: Identidad del Responsable: Lauren YoungNombre comercial: SUP&#8217;in IbizaRaz\u00f3n social: Ibiza Outdoor Experiences Sociedad [&hellip;]\" \/>\n<meta property=\"og:url\" content=\"https:\/\/supinibiza.com\/es\/aviso-legal\/\" \/>\n<meta property=\"og:site_name\" content=\"SUP&#039;in Ibiza\" \/>\n<meta property=\"article:modified_time\" content=\"2024-05-27T13:01:46+00:00\" \/>\n<meta property=\"og:image\" content=\"https:\/\/supinibiza.com\/wp-content\/uploads\/2023\/04\/benner-principal-1-1024x533.jpg\" \/>\n\t<meta property=\"og:image:width\" content=\"1024\" \/>\n\t<meta property=\"og:image:height\" content=\"533\" \/>\n\t<meta property=\"og:image:type\" content=\"image\/jpeg\" \/>\n<meta name=\"twitter:card\" content=\"summary_large_image\" \/>\n<meta name=\"twitter:label1\" content=\"Tiempo de lectura\" \/>\n\t<meta name=\"twitter:data1\" content=\"7 minutos\" \/>\n<script type=\"application\/ld+json\" class=\"yoast-schema-graph\">{\"@context\":\"https:\\\/\\\/schema.org\",\"@graph\":[{\"@type\":\"WebPage\",\"@id\":\"https:\\\/\\\/supinibiza.com\\\/es\\\/aviso-legal\\\/\",\"url\":\"https:\\\/\\\/supinibiza.com\\\/es\\\/aviso-legal\\\/\",\"name\":\"Aviso legal - SUP&#039;in Ibiza\",\"isPartOf\":{\"@id\":\"https:\\\/\\\/supinibiza.com\\\/es\\\/#website\"},\"datePublished\":\"2023-06-13T18:05:31+00:00\",\"dateModified\":\"2024-05-27T13:01:46+00:00\",\"breadcrumb\":{\"@id\":\"https:\\\/\\\/supinibiza.com\\\/es\\\/aviso-legal\\\/#breadcrumb\"},\"inLanguage\":\"es\",\"potentialAction\":[{\"@type\":\"ReadAction\",\"target\":[\"https:\\\/\\\/supinibiza.com\\\/es\\\/aviso-legal\\\/\"]}]},{\"@type\":\"BreadcrumbList\",\"@id\":\"https:\\\/\\\/supinibiza.com\\\/es\\\/aviso-legal\\\/#breadcrumb\",\"itemListElement\":[{\"@type\":\"ListItem\",\"position\":1,\"name\":\"Home\",\"item\":\"https:\\\/\\\/supinibiza.com\\\/es\\\/\"},{\"@type\":\"ListItem\",\"position\":2,\"name\":\"Aviso legal\"}]},{\"@type\":\"WebSite\",\"@id\":\"https:\\\/\\\/supinibiza.com\\\/es\\\/#website\",\"url\":\"https:\\\/\\\/supinibiza.com\\\/es\\\/\",\"name\":\"SUP'in Ibiza\",\"description\":\"We are SUP&#039;in Ibiza! Daily excursions, SUP school for all levels, and board rental. We are on the beach in es Figueral, Ibiza. In summer we open every day from 10am to 6.30pm but we are active all year! Ask us for more info!\",\"publisher\":{\"@id\":\"https:\\\/\\\/supinibiza.com\\\/es\\\/#organization\"},\"potentialAction\":[{\"@type\":\"SearchAction\",\"target\":{\"@type\":\"EntryPoint\",\"urlTemplate\":\"https:\\\/\\\/supinibiza.com\\\/es\\\/?s={search_term_string}\"},\"query-input\":{\"@type\":\"PropertyValueSpecification\",\"valueRequired\":true,\"valueName\":\"search_term_string\"}}],\"inLanguage\":\"es\"},{\"@type\":\"Organization\",\"@id\":\"https:\\\/\\\/supinibiza.com\\\/es\\\/#organization\",\"name\":\"SUP'in Ibiza\",\"url\":\"https:\\\/\\\/supinibiza.com\\\/es\\\/\",\"logo\":{\"@type\":\"ImageObject\",\"inLanguage\":\"es\",\"@id\":\"https:\\\/\\\/supinibiza.com\\\/es\\\/#\\\/schema\\\/logo\\\/image\\\/\",\"url\":\"http:\\\/\\\/supinibiza.com\\\/wp-content\\\/uploads\\\/2023\\\/04\\\/logo-color-1.svg\",\"contentUrl\":\"http:\\\/\\\/supinibiza.com\\\/wp-content\\\/uploads\\\/2023\\\/04\\\/logo-color-1.svg\",\"width\":333,\"height\":208,\"caption\":\"SUP'in Ibiza\"},\"image\":{\"@id\":\"https:\\\/\\\/supinibiza.com\\\/es\\\/#\\\/schema\\\/logo\\\/image\\\/\"}}]}<\/script>\n<!-- \/ Yoast SEO plugin. -->","yoast_head_json":{"title":"Aviso legal - SUP&#039;in Ibiza","robots":{"index":"index","follow":"follow","max-snippet":"max-snippet:-1","max-image-preview":"max-image-preview:large","max-video-preview":"max-video-preview:-1"},"canonical":"https:\/\/supinibiza.com\/es\/aviso-legal\/","og_locale":"es_ES","og_type":"article","og_title":"Aviso legal - SUP&#039;in Ibiza","og_description":"Aviso legal Para dar cumplimiento con lo establecido en la Ley 34\/ 2002, de 11 de Julio, de servicios de la sociedad de la informaci\u00f3n y de comercio electr\u00f3nico, a continuaci\u00f3n se indican los datos de informaci\u00f3n general de este sitio web: Identidad del Responsable: Lauren YoungNombre comercial: SUP&#8217;in IbizaRaz\u00f3n social: Ibiza Outdoor Experiences Sociedad [&hellip;]","og_url":"https:\/\/supinibiza.com\/es\/aviso-legal\/","og_site_name":"SUP&#039;in Ibiza","article_modified_time":"2024-05-27T13:01:46+00:00","og_image":[{"width":1024,"height":533,"url":"https:\/\/supinibiza.com\/wp-content\/uploads\/2023\/04\/benner-principal-1-1024x533.jpg","type":"image\/jpeg"}],"twitter_card":"summary_large_image","twitter_misc":{"Tiempo de lectura":"7 minutos"},"schema":{"@context":"https:\/\/schema.org","@graph":[{"@type":"WebPage","@id":"https:\/\/supinibiza.com\/es\/aviso-legal\/","url":"https:\/\/supinibiza.com\/es\/aviso-legal\/","name":"Aviso legal - SUP&#039;in Ibiza","isPartOf":{"@id":"https:\/\/supinibiza.com\/es\/#website"},"datePublished":"2023-06-13T18:05:31+00:00","dateModified":"2024-05-27T13:01:46+00:00","breadcrumb":{"@id":"https:\/\/supinibiza.com\/es\/aviso-legal\/#breadcrumb"},"inLanguage":"es","potentialAction":[{"@type":"ReadAction","target":["https:\/\/supinibiza.com\/es\/aviso-legal\/"]}]},{"@type":"BreadcrumbList","@id":"https:\/\/supinibiza.com\/es\/aviso-legal\/#breadcrumb","itemListElement":[{"@type":"ListItem","position":1,"name":"Home","item":"https:\/\/supinibiza.com\/es\/"},{"@type":"ListItem","position":2,"name":"Aviso legal"}]},{"@type":"WebSite","@id":"https:\/\/supinibiza.com\/es\/#website","url":"https:\/\/supinibiza.com\/es\/","name":"SUP'in Ibiza","description":"We are SUP&#039;in Ibiza! Daily excursions, SUP school for all levels, and board rental. We are on the beach in es Figueral, Ibiza. In summer we open every day from 10am to 6.30pm but we are active all year! Ask us for more info!","publisher":{"@id":"https:\/\/supinibiza.com\/es\/#organization"},"potentialAction":[{"@type":"SearchAction","target":{"@type":"EntryPoint","urlTemplate":"https:\/\/supinibiza.com\/es\/?s={search_term_string}"},"query-input":{"@type":"PropertyValueSpecification","valueRequired":true,"valueName":"search_term_string"}}],"inLanguage":"es"},{"@type":"Organization","@id":"https:\/\/supinibiza.com\/es\/#organization","name":"SUP'in Ibiza","url":"https:\/\/supinibiza.com\/es\/","logo":{"@type":"ImageObject","inLanguage":"es","@id":"https:\/\/supinibiza.com\/es\/#\/schema\/logo\/image\/","url":"http:\/\/supinibiza.com\/wp-content\/uploads\/2023\/04\/logo-color-1.svg","contentUrl":"http:\/\/supinibiza.com\/wp-content\/uploads\/2023\/04\/logo-color-1.svg","width":333,"height":208,"caption":"SUP'in Ibiza"},"image":{"@id":"https:\/\/supinibiza.com\/es\/#\/schema\/logo\/image\/"}}]}},"uagb_featured_image_src":{"full":false,"thumbnail":false,"medium":false,"medium_large":false,"large":false,"1536x1536":false,"2048x2048":false},"uagb_author_info":{"display_name":"godoysilvana.d@gmail.com","author_link":"https:\/\/supinibiza.com\/es\/author\/godoysilvana-dgmail-com\/"},"uagb_comment_info":0,"uagb_excerpt":"Aviso legal Para dar cumplimiento con lo establecido en la Ley 34\/ 2002, de 11 de Julio, de servicios de la sociedad de la informaci\u00f3n y de comercio electr\u00f3nico, a continuaci\u00f3n se indican los datos de informaci\u00f3n general de este sitio web: Identidad del Responsable: Lauren YoungNombre comercial: SUP&#8217;in IbizaRaz\u00f3n social: Ibiza Outdoor Experiences Sociedad&hellip;","_links":{"self":[{"href":"https:\/\/supinibiza.com\/es\/wp-json\/wp\/v2\/pages\/4069","targetHints":{"allow":["GET"]}}],"collection":[{"href":"https:\/\/supinibiza.com\/es\/wp-json\/wp\/v2\/pages"}],"about":[{"href":"https:\/\/supinibiza.com\/es\/wp-json\/wp\/v2\/types\/page"}],"author":[{"embeddable":true,"href":"https:\/\/supinibiza.com\/es\/wp-json\/wp\/v2\/users\/1"}],"replies":[{"embeddable":true,"href":"https:\/\/supinibiza.com\/es\/wp-json\/wp\/v2\/comments?post=4069"}],"version-history":[{"count":0,"href":"https:\/\/supinibiza.com\/es\/wp-json\/wp\/v2\/pages\/4069\/revisions"}],"wp:attachment":[{"href":"https:\/\/supinibiza.com\/es\/wp-json\/wp\/v2\/media?parent=4069"}],"curies":[{"name":"wp","href":"https:\/\/api.w.org\/{rel}","templated":true}]}}