{"id":4059,"date":"2023-04-10T16:24:50","date_gmt":"2023-04-10T16:24:50","guid":{"rendered":"https:\/\/sandybrown-scorpion-578487.hostingersite.com\/sup-y-puesta-de-sol\/"},"modified":"2025-04-29T04:17:26","modified_gmt":"2025-04-29T04:17:26","slug":"sup-y-puesta-de-sol","status":"publish","type":"page","link":"https:\/\/supinibiza.com\/es\/inicio\/sup-y-puesta-de-sol\/","title":{"rendered":"SUP y Puesta de Sol"},"content":{"rendered":"\n<div class=\"wp-block-columns is-layout-flex wp-container-core-columns-is-layout-0c23f114 wp-block-columns-is-layout-flex\" style=\"padding-top:6em;padding-right:1em;padding-bottom:1em;padding-left:1em\">\n<div class=\"wp-block-column is-vertically-aligned-center is-layout-constrained wp-container-core-column-is-layout-201a1795 wp-block-column-is-layout-constrained\" style=\"padding-top:0px;padding-right:0px;padding-bottom:0px;padding-left:0px;flex-basis:100%\">\n<figure class=\"wp-block-image aligncenter size-large\"><img loading=\"lazy\" decoding=\"async\" width=\"240\" height=\"240\" src=\"http:\/\/supinibiza.com\/wp-content\/uploads\/2023\/04\/sunset.svg\" alt=\"ilustraci\u00f3n de una mesa de sup y una paleta al atardecer\" class=\"wp-image-908\"\/><\/figure>\n\n\n\n<h1 class=\"wp-block-heading alignfull has-text-align-center has-luminous-vivid-amber-color has-text-color\">SUP y Puesta de Sol<\/h1>\n\n\n\n<p class=\"has-text-align-center has-black-color has-text-color\">Vive la mag\u00eda de flotar en tu tabla mientras el sol se pone sobre las aguas impresionantes de Ibiza.<\/p>\n\n\n\n<div class=\"wp-block-buttons uag-hide-desktop uag-hide-tab uag-hide-mob is-content-justification-center is-layout-flex wp-container-core-buttons-is-layout-a89b3969 wp-block-buttons-is-layout-flex\">\n<div class=\"wp-block-button button-book-now\"><a class=\"wp-block-button__link wp-element-button\" href=\"https:\/\/sandybrown-scorpion-578487.hostingersite.com\/es\/reserva-sup-puesta-de-sol\/\">RESERVA AHORA<\/a><\/div>\n<\/div>\n<\/div>\n<\/div>\n\n\n\n<figure class=\"wp-block-gallery alignfull has-nested-images columns-default is-cropped banners-secundarios wp-block-gallery-1 is-layout-flex wp-block-gallery-is-layout-flex\" style=\"margin-top:2em;margin-right:0em;margin-bottom:0em\">\n<figure class=\"wp-block-image size-full is-style-default\"><img loading=\"lazy\" decoding=\"async\" width=\"1000\" height=\"400\" data-id=\"1256\" src=\"http:\/\/supinibiza.com\/wp-content\/uploads\/2023\/05\/banner-sup-sunset1.jpg\" alt=\"chica en sup board al atardecer\" class=\"wp-image-1256\" srcset=\"https:\/\/supinibiza.com\/wp-content\/uploads\/2023\/05\/banner-sup-sunset1.jpg 1000w, https:\/\/supinibiza.com\/wp-content\/uploads\/2023\/05\/banner-sup-sunset1-300x120.jpg 300w, https:\/\/supinibiza.com\/wp-content\/uploads\/2023\/05\/banner-sup-sunset1-768x307.jpg 768w\" sizes=\"auto, (max-width: 1000px) 100vw, 1000px\" \/><\/figure>\n\n\n\n<figure class=\"wp-block-image size-full\"><img loading=\"lazy\" decoding=\"async\" width=\"1000\" height=\"400\" data-id=\"1257\" src=\"http:\/\/supinibiza.com\/wp-content\/uploads\/2023\/05\/banner-sup-sunset2.jpg\" alt=\"gente en sup boards al atardecer\" class=\"wp-image-1257\" srcset=\"https:\/\/supinibiza.com\/wp-content\/uploads\/2023\/05\/banner-sup-sunset2.jpg 1000w, https:\/\/supinibiza.com\/wp-content\/uploads\/2023\/05\/banner-sup-sunset2-300x120.jpg 300w, https:\/\/supinibiza.com\/wp-content\/uploads\/2023\/05\/banner-sup-sunset2-768x307.jpg 768w\" sizes=\"auto, (max-width: 1000px) 100vw, 1000px\" \/><\/figure>\n<\/figure>\n\n\n\n<div class=\"wp-block-columns alignfull colum-info-actividades has-background is-layout-flex wp-container-core-columns-is-layout-189ab1a2 wp-block-columns-is-layout-flex\" style=\"background-color:#3ac9cc;padding-top:5%;padding-right:20%;padding-bottom:5%;padding-left:20%\">\n<div class=\"wp-block-column is-layout-flow wp-block-column-is-layout-flow\">\n<section class=\"contenedor-info\">\n\n<div contenedor-info-img=\"\">\n<img decoding=\"async\" src=\"http:\/\/supinibiza.com\/wp-content\/uploads\/2023\/04\/date.svg\" alt=\"icono de un calendario\"\/>\n<\/div>\n\n<div class=\"contenedor-info-texto\">\n<p><strong>Fechas<\/strong><\/p>\n<p>Todos los d\u00edas en temporada de verano (Mayo-Octubre).\n<\/p>\n<\/div>\n\n<\/section>\n\n\n\n<section class=\"contenedor-info\">\n\n<div contenedor-info-img=\"\">\n<img decoding=\"async\" src=\"http:\/\/supinibiza.com\/wp-content\/uploads\/2023\/04\/duration.svg\" alt=\"icono de un reloj\"\/>\n<\/div>\n\n<div class=\"contenedor-info-texto\">\n<p><strong>Horarios<\/strong><\/p>\n<p>18:30hs-20:30hs var\u00eda dependiendo de la \u00e9poca del a\u00f1o.<\/p>\n<\/div>\n\n<\/section>\n\n\n\n<section class=\"contenedor-info\">\n\n<div contenedor-info-img=\"\">\n<img decoding=\"async\" src=\"http:\/\/supinibiza.com\/wp-content\/uploads\/2023\/04\/price.svg\" alt=\"icono de una etiqueta\"\/>\n<\/div>\n\n<div class=\"contenedor-info-texto\">\n<p><strong>Precios<\/strong><\/p>\n<p>Adultos: 60\u20ac \/ 17 a\u00f1os o menos: 40\u20ac<\/p>\n<\/div>\n\n<\/section>\n<\/div>\n\n\n\n<div class=\"wp-block-column is-layout-flow wp-block-column-is-layout-flow\">\n<section class=\"contenedor-info\">\n\n<div contenedor-info-img=\"\">\n<img decoding=\"async\" src=\"http:\/\/supinibiza.com\/wp-content\/uploads\/2023\/04\/meetingpoint.svg\" alt=\"icono de un punto de encuentro\"\/>\n<\/div>\n\n<div class=\"contenedor-info-texto\">\n<p><strong>Punto de encuentro<\/strong><\/p>\n<p><a target=\"_blank\" href=\"https:\/\/www.google.com\/maps\/search\/Port+de+Portinatx\/@39.1121774,1.5141634,15.15z?hl=es\" rel=\"noopener\">Es Portixol a Portinatx<\/a><\/p>\n<\/div>\n\n<\/section>\n\n\n\n<section class=\"contenedor-info\">\n\n<div contenedor-info-img=\"\">\n<img decoding=\"async\" src=\"http:\/\/supinibiza.com\/wp-content\/uploads\/2023\/04\/reserve.svg\" alt=\"icono de una reserva\"\/>\n<\/div>\n\n<div class=\"contenedor-info-texto\">\n<p><strong>Reserva<\/strong><\/p>\n<p><a href=\"https:\/\/fareharbor.com\/embeds\/book\/kayak-ibiza\/items\/449738\/?full-items=yes&#038;flow=267935\">Reserva ahora!<\/a><\/p>\n<\/div>\n\n<\/section>\n\n\n\n<section class=\"contenedor-info\">\n\n<div contenedor-info-img=\"\">\n<img decoding=\"async\" src=\"http:\/\/supinibiza.com\/wp-content\/uploads\/2023\/04\/pay.svg\" alt=\"icono de una cartera\"\/>\n<\/div>\n\n<div class=\"contenedor-info-texto\">\n<p><strong>M\u00e9todo de pago<\/strong><\/p>\n<p>Efectivo, tarjeta o transferencia bancaria.<\/p>\n<\/div>\n\n<\/section>\n<\/div>\n<\/div>\n\n\n\n<figure class=\"wp-block-gallery alignfull has-nested-images columns-default is-cropped banners-secundarios wp-block-gallery-2 is-layout-flex wp-block-gallery-is-layout-flex\" style=\"margin-top:0em;margin-right:0em;margin-bottom:0em\">\n<figure class=\"wp-block-image size-full is-style-default\"><img loading=\"lazy\" decoding=\"async\" width=\"1000\" height=\"400\" data-id=\"1259\" src=\"http:\/\/supinibiza.com\/wp-content\/uploads\/2023\/05\/banner-sup-sunset3.jpg\" alt=\"gente en tablas de surf en una cueva al atardecer\" class=\"wp-image-1259\" srcset=\"https:\/\/supinibiza.com\/wp-content\/uploads\/2023\/05\/banner-sup-sunset3.jpg 1000w, https:\/\/supinibiza.com\/wp-content\/uploads\/2023\/05\/banner-sup-sunset3-300x120.jpg 300w, https:\/\/supinibiza.com\/wp-content\/uploads\/2023\/05\/banner-sup-sunset3-768x307.jpg 768w\" sizes=\"auto, (max-width: 1000px) 100vw, 1000px\" \/><\/figure>\n\n\n\n<figure class=\"wp-block-image size-full\"><img loading=\"lazy\" decoding=\"async\" width=\"1000\" height=\"400\" data-id=\"1260\" src=\"http:\/\/supinibiza.com\/wp-content\/uploads\/2023\/05\/banner-sup-sunset4.jpg\" alt=\"gente en tablas de surf en una cueva al atardecer\" class=\"wp-image-1260\" srcset=\"https:\/\/supinibiza.com\/wp-content\/uploads\/2023\/05\/banner-sup-sunset4.jpg 1000w, https:\/\/supinibiza.com\/wp-content\/uploads\/2023\/05\/banner-sup-sunset4-300x120.jpg 300w, https:\/\/supinibiza.com\/wp-content\/uploads\/2023\/05\/banner-sup-sunset4-768x307.jpg 768w\" sizes=\"auto, (max-width: 1000px) 100vw, 1000px\" \/><\/figure>\n<\/figure>\n\n\n\n<div class=\"wp-block-columns is-layout-flex wp-container-core-columns-is-layout-0ff15226 wp-block-columns-is-layout-flex\" style=\"padding-top:5%;padding-right:10%;padding-bottom:5%;padding-left:10%\">\n<div class=\"wp-block-column is-layout-flow wp-block-column-is-layout-flow\">\n<p class=\"has-text-color\" style=\"color:#2b2b2b\">Comenzamos en la playa con una clase de introducci\u00f3n y habilidades b\u00e1sicas de sup. luego al agua para descubrir la bah\u00eda de Portinatx sobre nuestras tablas de sup. <\/p>\n\n\n\n<p class=\"has-black-color has-text-color\">Encontraremos cuevas que esconden historias de contrabando, aguas cristalinas y cerrando la bag\u00eda encontramos una de las 14 torres costaneras de las Pitiuses, fortaleza que vigila los mares de esta zona desde el siglo XVIII.   <\/p>\n\n\n\n<p class=\"has-text-color\" style=\"color:#2b2b2b\">Te espera una geolog\u00eda caprichosa rodeada de verdes pinares. En esta zona agreste y salvaje se alza el faro de Moscarter, el punto m\u00e1s septentrional de la isla que ha ayudado a los navegantes a lo largo de los siglos a orientarse. <\/p>\n\n\n\n<p class=\"has-text-color\" style=\"color:#2b2b2b\">Zambullete y haz snorkel para descubrir el fondo marino con abundantes peces y la reina del mar Mediterr\u00e1neo, la planta marina Posidonia oce\u00e1nica.<\/p>\n\n\n\n<p class=\"has-text-color\" style=\"color:#2b2b2b\">Rojo, rosa, ocre y azul son los colores que disfrutamos al atardecer, que dan paso a la noche oscura que nos invita a regresar a puerto seguro.<\/p>\n\n\n\n<p class=\"has-text-color\" style=\"color:#2b2b2b\">\u00a1Prep\u00e1rate para <strong>sentir la magia de Ibiza<\/strong> y el Mediterr\u00e1neo a bordo de tu tabla!<\/p>\n\n\n\n<p class=\"has-text-color\" style=\"color:#2b2b2b\"><strong><mark style=\"background-color:rgba(0, 0, 0, 0);color:#ffb629\" class=\"has-inline-color\">Incluye: <\/mark><\/strong>instructor, tabla de Sup, pala, leash, bolsa estanca, equipo de snorkel, seguro contra accidentes.<\/p>\n\n\n\n<p class=\"has-text-color\" style=\"color:#2b2b2b\"><strong><mark style=\"background-color:rgba(0, 0, 0, 0);color:#ffb629\" class=\"has-inline-color\">Lleva contigo: <\/mark><\/strong>agua, calzado que se pueda mojar, protecci\u00f3n solar, toalla y ropa seca para despu\u00e9s.<\/p>\n\n\n\n<!-- FareHarbor calendar of item #449738 -->\n<script src=\"https:\/\/fareharbor.com\/embeds\/script\/calendar-small\/kayak-ibiza\/items\/449738\/?fallback=simple&#038;full-items=yes&#038;flow=267935\"><\/script>\n<\/div>\n<\/div>\n","protected":false},"excerpt":{"rendered":"<p>SUP y Puesta de Sol Vive la mag\u00eda de flotar en tu tabla mientras el sol se pone sobre las aguas impresionantes de Ibiza. Fechas Todos los d\u00edas en temporada de verano (Mayo-Octubre). Horarios 18:30hs-20:30hs var\u00eda dependiendo de la \u00e9poca del a\u00f1o. Precios Adultos: 60\u20ac \/ 17 a\u00f1os o menos: 40\u20ac Punto de encuentro Es [&hellip;]<\/p>\n","protected":false},"author":1,"featured_media":0,"parent":4061,"menu_order":0,"comment_status":"closed","ping_status":"closed","template":"","meta":{"inline_featured_image":false,"_uag_custom_page_level_css":"","site-sidebar-layout":"default","site-content-layout":"","ast-site-content-layout":"default","site-content-style":"default","site-sidebar-style":"default","ast-global-header-display":"","ast-banner-title-visibility":"","ast-main-header-display":"","ast-hfb-above-header-display":"","ast-hfb-below-header-display":"","ast-hfb-mobile-header-display":"","site-post-title":"disabled","ast-breadcrumbs-content":"","ast-featured-img":"","footer-sml-layout":"","ast-disable-related-posts":"","theme-transparent-header-meta":"","adv-header-id-meta":"","stick-header-meta":"","header-above-stick-meta":"","header-main-stick-meta":"","header-below-stick-meta":"","astra-migrate-meta-layouts":"set","ast-page-background-enabled":"default","ast-page-background-meta":{"desktop":{"background-color":"var(--ast-global-color-4)","background-image":"","background-repeat":"repeat","background-position":"center center","background-size":"auto","background-attachment":"scroll","background-type":"","background-media":"","overlay-type":"","overlay-color":"","overlay-opacity":"","overlay-gradient":""},"tablet":{"background-color":"","background-image":"","background-repeat":"repeat","background-position":"center center","background-size":"auto","background-attachment":"scroll","background-type":"","background-media":"","overlay-type":"","overlay-color":"","overlay-opacity":"","overlay-gradient":""},"mobile":{"background-color":"","background-image":"","background-repeat":"repeat","background-position":"center center","background-size":"auto","background-attachment":"scroll","background-type":"","background-media":"","overlay-type":"","overlay-color":"","overlay-opacity":"","overlay-gradient":""}},"ast-content-background-meta":{"desktop":{"background-color":"var(--ast-global-color-5)","background-image":"","background-repeat":"repeat","background-position":"center center","background-size":"auto","background-attachment":"scroll","background-type":"","background-media":"","overlay-type":"","overlay-color":"","overlay-opacity":"","overlay-gradient":""},"tablet":{"background-color":"var(--ast-global-color-5)","background-image":"","background-repeat":"repeat","background-position":"center center","background-size":"auto","background-attachment":"scroll","background-type":"","background-media":"","overlay-type":"","overlay-color":"","overlay-opacity":"","overlay-gradient":""},"mobile":{"background-color":"var(--ast-global-color-5)","background-image":"","background-repeat":"repeat","background-position":"center center","background-size":"auto","background-attachment":"scroll","background-type":"","background-media":"","overlay-type":"","overlay-color":"","overlay-opacity":"","overlay-gradient":""}},"_joinchat":[],"footnotes":""},"class_list":["post-4059","page","type-page","status-publish","hentry"],"yoast_head":"<!-- This site is optimized with the Yoast SEO plugin v27.5 - https:\/\/yoast.com\/product\/yoast-seo-wordpress\/ -->\n<title>SUP y Puesta de Sol - SUP&#039;in Ibiza<\/title>\n<meta name=\"description\" content=\"Comenzamos en la playa con una clase de introducci\u00f3n y habilidades b\u00e1sicas de sup. Luego al agua para descubrir la bah\u00eda de Portinatx sobre nuestras tablas de sup\" \/>\n<meta name=\"robots\" content=\"index, follow, max-snippet:-1, max-image-preview:large, max-video-preview:-1\" \/>\n<link rel=\"canonical\" href=\"https:\/\/supinibiza.com\/es\/inicio\/sup-y-puesta-de-sol\/\" \/>\n<meta property=\"og:locale\" content=\"es_ES\" \/>\n<meta property=\"og:type\" content=\"article\" \/>\n<meta property=\"og:title\" content=\"SUP y Puesta de Sol - SUP&#039;in Ibiza\" \/>\n<meta property=\"og:description\" content=\"Comenzamos en la playa con una clase de introducci\u00f3n y habilidades b\u00e1sicas de sup. Luego al agua para descubrir la bah\u00eda de Portinatx sobre nuestras tablas de sup\" \/>\n<meta property=\"og:url\" content=\"https:\/\/supinibiza.com\/es\/inicio\/sup-y-puesta-de-sol\/\" \/>\n<meta property=\"og:site_name\" content=\"SUP&#039;in Ibiza\" \/>\n<meta property=\"article:modified_time\" content=\"2025-04-29T04:17:26+00:00\" \/>\n<meta property=\"og:image\" content=\"http:\/\/supinibiza.com\/wp-content\/uploads\/2023\/04\/sunset.svg\" \/>\n<meta name=\"twitter:card\" content=\"summary_large_image\" \/>\n<meta name=\"twitter:label1\" content=\"Tiempo de lectura\" \/>\n\t<meta name=\"twitter:data1\" content=\"4 minutos\" \/>\n<script type=\"application\/ld+json\" class=\"yoast-schema-graph\">{\"@context\":\"https:\\\/\\\/schema.org\",\"@graph\":[{\"@type\":\"WebPage\",\"@id\":\"https:\\\/\\\/supinibiza.com\\\/es\\\/inicio\\\/sup-y-puesta-de-sol\\\/\",\"url\":\"https:\\\/\\\/supinibiza.com\\\/es\\\/inicio\\\/sup-y-puesta-de-sol\\\/\",\"name\":\"SUP y Puesta de Sol - SUP&#039;in Ibiza\",\"isPartOf\":{\"@id\":\"https:\\\/\\\/supinibiza.com\\\/es\\\/#website\"},\"primaryImageOfPage\":{\"@id\":\"https:\\\/\\\/supinibiza.com\\\/es\\\/inicio\\\/sup-y-puesta-de-sol\\\/#primaryimage\"},\"image\":{\"@id\":\"https:\\\/\\\/supinibiza.com\\\/es\\\/inicio\\\/sup-y-puesta-de-sol\\\/#primaryimage\"},\"thumbnailUrl\":\"http:\\\/\\\/supinibiza.com\\\/wp-content\\\/uploads\\\/2023\\\/04\\\/sunset.svg\",\"datePublished\":\"2023-04-10T16:24:50+00:00\",\"dateModified\":\"2025-04-29T04:17:26+00:00\",\"description\":\"Comenzamos en la playa con una clase de introducci\u00f3n y habilidades b\u00e1sicas de sup. Luego al agua para descubrir la bah\u00eda de Portinatx sobre nuestras tablas de sup\",\"breadcrumb\":{\"@id\":\"https:\\\/\\\/supinibiza.com\\\/es\\\/inicio\\\/sup-y-puesta-de-sol\\\/#breadcrumb\"},\"inLanguage\":\"es\",\"potentialAction\":[{\"@type\":\"ReadAction\",\"target\":[\"https:\\\/\\\/supinibiza.com\\\/es\\\/inicio\\\/sup-y-puesta-de-sol\\\/\"]}]},{\"@type\":\"ImageObject\",\"inLanguage\":\"es\",\"@id\":\"https:\\\/\\\/supinibiza.com\\\/es\\\/inicio\\\/sup-y-puesta-de-sol\\\/#primaryimage\",\"url\":\"http:\\\/\\\/supinibiza.com\\\/wp-content\\\/uploads\\\/2023\\\/04\\\/sunset.svg\",\"contentUrl\":\"http:\\\/\\\/supinibiza.com\\\/wp-content\\\/uploads\\\/2023\\\/04\\\/sunset.svg\"},{\"@type\":\"BreadcrumbList\",\"@id\":\"https:\\\/\\\/supinibiza.com\\\/es\\\/inicio\\\/sup-y-puesta-de-sol\\\/#breadcrumb\",\"itemListElement\":[{\"@type\":\"ListItem\",\"position\":1,\"name\":\"Home\",\"item\":\"https:\\\/\\\/supinibiza.com\\\/es\\\/\"},{\"@type\":\"ListItem\",\"position\":2,\"name\":\"Inicio\",\"item\":\"https:\\\/\\\/supinibiza.com\\\/es\\\/\"},{\"@type\":\"ListItem\",\"position\":3,\"name\":\"SUP y Puesta de Sol\"}]},{\"@type\":\"WebSite\",\"@id\":\"https:\\\/\\\/supinibiza.com\\\/es\\\/#website\",\"url\":\"https:\\\/\\\/supinibiza.com\\\/es\\\/\",\"name\":\"SUP'in Ibiza\",\"description\":\"We are SUP&#039;in Ibiza! Daily excursions, SUP school for all levels, and board rental. We are on the beach in es Figueral, Ibiza. In summer we open every day from 10am to 6.30pm but we are active all year! Ask us for more info!\",\"publisher\":{\"@id\":\"https:\\\/\\\/supinibiza.com\\\/es\\\/#organization\"},\"potentialAction\":[{\"@type\":\"SearchAction\",\"target\":{\"@type\":\"EntryPoint\",\"urlTemplate\":\"https:\\\/\\\/supinibiza.com\\\/es\\\/?s={search_term_string}\"},\"query-input\":{\"@type\":\"PropertyValueSpecification\",\"valueRequired\":true,\"valueName\":\"search_term_string\"}}],\"inLanguage\":\"es\"},{\"@type\":\"Organization\",\"@id\":\"https:\\\/\\\/supinibiza.com\\\/es\\\/#organization\",\"name\":\"SUP'in Ibiza\",\"url\":\"https:\\\/\\\/supinibiza.com\\\/es\\\/\",\"logo\":{\"@type\":\"ImageObject\",\"inLanguage\":\"es\",\"@id\":\"https:\\\/\\\/supinibiza.com\\\/es\\\/#\\\/schema\\\/logo\\\/image\\\/\",\"url\":\"http:\\\/\\\/supinibiza.com\\\/wp-content\\\/uploads\\\/2023\\\/04\\\/logo-color-1.svg\",\"contentUrl\":\"http:\\\/\\\/supinibiza.com\\\/wp-content\\\/uploads\\\/2023\\\/04\\\/logo-color-1.svg\",\"width\":333,\"height\":208,\"caption\":\"SUP'in Ibiza\"},\"image\":{\"@id\":\"https:\\\/\\\/supinibiza.com\\\/es\\\/#\\\/schema\\\/logo\\\/image\\\/\"}}]}<\/script>\n<!-- \/ Yoast SEO plugin. -->","yoast_head_json":{"title":"SUP y Puesta de Sol - SUP&#039;in Ibiza","description":"Comenzamos en la playa con una clase de introducci\u00f3n y habilidades b\u00e1sicas de sup. Luego al agua para descubrir la bah\u00eda de Portinatx sobre nuestras tablas de sup","robots":{"index":"index","follow":"follow","max-snippet":"max-snippet:-1","max-image-preview":"max-image-preview:large","max-video-preview":"max-video-preview:-1"},"canonical":"https:\/\/supinibiza.com\/es\/inicio\/sup-y-puesta-de-sol\/","og_locale":"es_ES","og_type":"article","og_title":"SUP y Puesta de Sol - SUP&#039;in Ibiza","og_description":"Comenzamos en la playa con una clase de introducci\u00f3n y habilidades b\u00e1sicas de sup. Luego al agua para descubrir la bah\u00eda de Portinatx sobre nuestras tablas de sup","og_url":"https:\/\/supinibiza.com\/es\/inicio\/sup-y-puesta-de-sol\/","og_site_name":"SUP&#039;in Ibiza","article_modified_time":"2025-04-29T04:17:26+00:00","og_image":[{"url":"http:\/\/supinibiza.com\/wp-content\/uploads\/2023\/04\/sunset.svg","type":"","width":"","height":""}],"twitter_card":"summary_large_image","twitter_misc":{"Tiempo de lectura":"4 minutos"},"schema":{"@context":"https:\/\/schema.org","@graph":[{"@type":"WebPage","@id":"https:\/\/supinibiza.com\/es\/inicio\/sup-y-puesta-de-sol\/","url":"https:\/\/supinibiza.com\/es\/inicio\/sup-y-puesta-de-sol\/","name":"SUP y Puesta de Sol - SUP&#039;in Ibiza","isPartOf":{"@id":"https:\/\/supinibiza.com\/es\/#website"},"primaryImageOfPage":{"@id":"https:\/\/supinibiza.com\/es\/inicio\/sup-y-puesta-de-sol\/#primaryimage"},"image":{"@id":"https:\/\/supinibiza.com\/es\/inicio\/sup-y-puesta-de-sol\/#primaryimage"},"thumbnailUrl":"http:\/\/supinibiza.com\/wp-content\/uploads\/2023\/04\/sunset.svg","datePublished":"2023-04-10T16:24:50+00:00","dateModified":"2025-04-29T04:17:26+00:00","description":"Comenzamos en la playa con una clase de introducci\u00f3n y habilidades b\u00e1sicas de sup. Luego al agua para descubrir la bah\u00eda de Portinatx sobre nuestras tablas de sup","breadcrumb":{"@id":"https:\/\/supinibiza.com\/es\/inicio\/sup-y-puesta-de-sol\/#breadcrumb"},"inLanguage":"es","potentialAction":[{"@type":"ReadAction","target":["https:\/\/supinibiza.com\/es\/inicio\/sup-y-puesta-de-sol\/"]}]},{"@type":"ImageObject","inLanguage":"es","@id":"https:\/\/supinibiza.com\/es\/inicio\/sup-y-puesta-de-sol\/#primaryimage","url":"http:\/\/supinibiza.com\/wp-content\/uploads\/2023\/04\/sunset.svg","contentUrl":"http:\/\/supinibiza.com\/wp-content\/uploads\/2023\/04\/sunset.svg"},{"@type":"BreadcrumbList","@id":"https:\/\/supinibiza.com\/es\/inicio\/sup-y-puesta-de-sol\/#breadcrumb","itemListElement":[{"@type":"ListItem","position":1,"name":"Home","item":"https:\/\/supinibiza.com\/es\/"},{"@type":"ListItem","position":2,"name":"Inicio","item":"https:\/\/supinibiza.com\/es\/"},{"@type":"ListItem","position":3,"name":"SUP y Puesta de Sol"}]},{"@type":"WebSite","@id":"https:\/\/supinibiza.com\/es\/#website","url":"https:\/\/supinibiza.com\/es\/","name":"SUP'in Ibiza","description":"We are SUP&#039;in Ibiza! Daily excursions, SUP school for all levels, and board rental. We are on the beach in es Figueral, Ibiza. In summer we open every day from 10am to 6.30pm but we are active all year! Ask us for more info!","publisher":{"@id":"https:\/\/supinibiza.com\/es\/#organization"},"potentialAction":[{"@type":"SearchAction","target":{"@type":"EntryPoint","urlTemplate":"https:\/\/supinibiza.com\/es\/?s={search_term_string}"},"query-input":{"@type":"PropertyValueSpecification","valueRequired":true,"valueName":"search_term_string"}}],"inLanguage":"es"},{"@type":"Organization","@id":"https:\/\/supinibiza.com\/es\/#organization","name":"SUP'in Ibiza","url":"https:\/\/supinibiza.com\/es\/","logo":{"@type":"ImageObject","inLanguage":"es","@id":"https:\/\/supinibiza.com\/es\/#\/schema\/logo\/image\/","url":"http:\/\/supinibiza.com\/wp-content\/uploads\/2023\/04\/logo-color-1.svg","contentUrl":"http:\/\/supinibiza.com\/wp-content\/uploads\/2023\/04\/logo-color-1.svg","width":333,"height":208,"caption":"SUP'in Ibiza"},"image":{"@id":"https:\/\/supinibiza.com\/es\/#\/schema\/logo\/image\/"}}]}},"uagb_featured_image_src":{"full":false,"thumbnail":false,"medium":false,"medium_large":false,"large":false,"1536x1536":false,"2048x2048":false},"uagb_author_info":{"display_name":"godoysilvana.d@gmail.com","author_link":"https:\/\/supinibiza.com\/es\/author\/godoysilvana-dgmail-com\/"},"uagb_comment_info":0,"uagb_excerpt":"SUP y Puesta de Sol Vive la mag\u00eda de flotar en tu tabla mientras el sol se pone sobre las aguas impresionantes de Ibiza. Fechas Todos los d\u00edas en temporada de verano (Mayo-Octubre). Horarios 18:30hs-20:30hs var\u00eda dependiendo de la \u00e9poca del a\u00f1o. Precios Adultos: 60\u20ac \/ 17 a\u00f1os o menos: 40\u20ac Punto de encuentro Es&hellip;","_links":{"self":[{"href":"https:\/\/supinibiza.com\/es\/wp-json\/wp\/v2\/pages\/4059","targetHints":{"allow":["GET"]}}],"collection":[{"href":"https:\/\/supinibiza.com\/es\/wp-json\/wp\/v2\/pages"}],"about":[{"href":"https:\/\/supinibiza.com\/es\/wp-json\/wp\/v2\/types\/page"}],"author":[{"embeddable":true,"href":"https:\/\/supinibiza.com\/es\/wp-json\/wp\/v2\/users\/1"}],"replies":[{"embeddable":true,"href":"https:\/\/supinibiza.com\/es\/wp-json\/wp\/v2\/comments?post=4059"}],"version-history":[{"count":0,"href":"https:\/\/supinibiza.com\/es\/wp-json\/wp\/v2\/pages\/4059\/revisions"}],"up":[{"embeddable":true,"href":"https:\/\/supinibiza.com\/es\/wp-json\/wp\/v2\/pages\/4061"}],"wp:attachment":[{"href":"https:\/\/supinibiza.com\/es\/wp-json\/wp\/v2\/media?parent=4059"}],"curies":[{"name":"wp","href":"https:\/\/api.w.org\/{rel}","templated":true}]}}