{"id":4056,"date":"2023-04-08T22:07:03","date_gmt":"2023-04-08T22:07:03","guid":{"rendered":"https:\/\/sandybrown-scorpion-578487.hostingersite.com\/sup-y-snorkel\/"},"modified":"2025-04-22T01:03:20","modified_gmt":"2025-04-22T01:03:20","slug":"sup-y-snorkel","status":"publish","type":"page","link":"https:\/\/supinibiza.com\/es\/inicio\/sup-y-snorkel\/","title":{"rendered":"SUP y Snorkel"},"content":{"rendered":"\n<div class=\"wp-block-columns is-layout-flex wp-container-core-columns-is-layout-0c23f114 wp-block-columns-is-layout-flex\" style=\"padding-top:6em;padding-right:1em;padding-bottom:1em;padding-left:1em\">\n<div class=\"wp-block-column is-vertically-aligned-center is-layout-constrained wp-container-core-column-is-layout-201a1795 wp-block-column-is-layout-constrained\" style=\"padding-top:0px;padding-right:0px;padding-bottom:0px;padding-left:0px;flex-basis:100%\">\n<figure class=\"wp-block-image aligncenter size-large\"><img loading=\"lazy\" decoding=\"async\" width=\"240\" height=\"240\" src=\"http:\/\/supinibiza.com\/wp-content\/uploads\/2023\/04\/snorkel.svg\" alt=\"ilustraci\u00f3n de una tabla de sup, un remo y un snorkel\" class=\"wp-image-884\"\/><\/figure>\n\n\n\n<h1 class=\"wp-block-heading alignfull has-text-align-center has-luminous-vivid-amber-color has-text-color\">SUP y Snorkel<\/h1>\n\n\n\n<p class=\"has-text-align-center has-black-color has-text-color\">\u00a1Una aventura acu\u00e1tica apta para tod@s! Ruta guiada en SUP en la Reserva Marina del Noreste de Ibiza \u2013 <a href=\"https:\/\/goo.gl\/maps\/NigzAg6J6q8vrMFt6\" target=\"_blank\" rel=\"noreferrer noopener\">es Figueral<\/a>.<\/p>\n\n\n\n<div class=\"wp-block-buttons uag-hide-desktop uag-hide-tab uag-hide-mob is-content-justification-center is-layout-flex wp-container-core-buttons-is-layout-a89b3969 wp-block-buttons-is-layout-flex\">\n<div class=\"wp-block-button button-book-now\"><a class=\"wp-block-button__link wp-element-button\" href=\"https:\/\/sandybrown-scorpion-578487.hostingersite.com\/es\/reserva-sup-snorkel\/\">RESERVA AHORA<\/a><\/div>\n<\/div>\n<\/div>\n<\/div>\n\n\n\n<figure class=\"wp-block-gallery alignfull has-nested-images columns-default is-cropped banners-secundarios wp-block-gallery-1 is-layout-flex wp-block-gallery-is-layout-flex\" style=\"margin-top:2em;margin-right:0em;margin-bottom:0em\">\n<figure class=\"wp-block-image size-full is-style-default\"><img loading=\"lazy\" decoding=\"async\" width=\"1000\" height=\"400\" data-id=\"1215\" src=\"http:\/\/supinibiza.com\/wp-content\/uploads\/2023\/05\/banner-sup-snorkel1.jpg\" alt=\"hombre bajo el agua con tubo\" class=\"wp-image-1215\" srcset=\"https:\/\/supinibiza.com\/wp-content\/uploads\/2023\/05\/banner-sup-snorkel1.jpg 1000w, https:\/\/supinibiza.com\/wp-content\/uploads\/2023\/05\/banner-sup-snorkel1-300x120.jpg 300w, https:\/\/supinibiza.com\/wp-content\/uploads\/2023\/05\/banner-sup-snorkel1-768x307.jpg 768w\" sizes=\"auto, (max-width: 1000px) 100vw, 1000px\" \/><\/figure>\n\n\n\n<figure class=\"wp-block-image size-full\"><img loading=\"lazy\" decoding=\"async\" width=\"1000\" height=\"400\" data-id=\"2154\" src=\"http:\/\/supinibiza.com\/wp-content\/uploads\/2023\/06\/banner-sup-snorkel6.jpg\" alt=\"\" class=\"wp-image-2154\" srcset=\"https:\/\/supinibiza.com\/wp-content\/uploads\/2023\/06\/banner-sup-snorkel6.jpg 1000w, https:\/\/supinibiza.com\/wp-content\/uploads\/2023\/06\/banner-sup-snorkel6-300x120.jpg 300w, https:\/\/supinibiza.com\/wp-content\/uploads\/2023\/06\/banner-sup-snorkel6-768x307.jpg 768w\" sizes=\"auto, (max-width: 1000px) 100vw, 1000px\" \/><\/figure>\n<\/figure>\n\n\n\n<div class=\"wp-block-columns alignfull colum-info-actividades has-background is-layout-flex wp-container-core-columns-is-layout-189ab1a2 wp-block-columns-is-layout-flex\" style=\"background-color:#3ac9cc;padding-top:5%;padding-right:20%;padding-bottom:5%;padding-left:20%\">\n<div class=\"wp-block-column is-layout-flow wp-block-column-is-layout-flow\">\n<section class=\"contenedor-info\">\n\n<div contenedor-info-img=\"\">\n<img decoding=\"async\" src=\"http:\/\/supinibiza.com\/wp-content\/uploads\/2023\/04\/date.svg\" alt=\"icono de un calendario\"\/>\n<\/div>\n\n<div class=\"contenedor-info-texto\">\n<p><strong>Fechas<\/strong><\/p>\n<p>Todos los d\u00edas en temporada de verano (Mayo-Octubre).\n<\/p>\n<\/div>\n\n<\/section>\n\n\n\n<section class=\"contenedor-info\">\n\n<div contenedor-info-img=\"\">\n<img decoding=\"async\" src=\"http:\/\/supinibiza.com\/wp-content\/uploads\/2023\/04\/duration.svg\" alt=\"icono de un reloj\"\/>\n<\/div>\n\n<div class=\"contenedor-info-texto\">\n<p><strong>Horarios<\/strong><\/p>\n<p>10:30-12:30h \/ 16:00-18:00h<\/p>\n<\/div>\n\n<\/section>\n\n\n\n<section class=\"contenedor-info\">\n\n<div contenedor-info-img=\"\">\n<img decoding=\"async\" src=\"http:\/\/supinibiza.com\/wp-content\/uploads\/2023\/04\/price.svg\" alt=\"icono de una etiqueta\"\/>\n<\/div>\n\n<div class=\"contenedor-info-texto\">\n<p><strong>Precio<\/strong><\/p>\n<p>Adultos: 50\u20ac \/ 17 a\u00f1os o menos: 35\u20ac<\/p>\n<\/div>\n\n<\/section>\n<\/div>\n\n\n\n<div class=\"wp-block-column is-layout-flow wp-block-column-is-layout-flow\">\n<section class=\"contenedor-info\">\n\n<div contenedor-info-img=\"\">\n<img decoding=\"async\" src=\"http:\/\/supinibiza.com\/wp-content\/uploads\/2023\/04\/meetingpoint.svg\" alt=\"icono de un punto de encuentro\"\/>\n<\/div>\n\n<div class=\"contenedor-info-texto\">\n<p><strong>Punto de encuentro<\/strong><\/p>\n<p><a target=\"_blank\" href=\"https:\/\/goo.gl\/maps\/NigzAg6J6q8vrMFt6\" rel=\"noopener\">es Figueral<\/a><\/p>\n<\/div>\n\n<\/section>\n\n\n\n<section class=\"contenedor-info\">\n\n<div contenedor-info-img=\"\">\n<img decoding=\"async\" src=\"http:\/\/supinibiza.com\/wp-content\/uploads\/2023\/04\/reserve.svg\" alt=\"icono de una reserva\"\/>\n<\/div>\n\n<div class=\"contenedor-info-texto\">\n<p><strong>Reserva<\/strong><\/p>\n<p><a target=\"_blank\" href=\"https:\/\/wa.me\/34623026629\" rel=\"noopener\">WhatsApp<\/a><\/p>\n<\/div>\n\n<\/section>\n\n\n\n<section class=\"contenedor-info\">\n\n<div contenedor-info-img=\"\">\n<img decoding=\"async\" src=\"http:\/\/supinibiza.com\/wp-content\/uploads\/2023\/04\/pay.svg\" alt=\"icono de una cartera\"\/>\n<\/div>\n\n<div class=\"contenedor-info-texto\">\n<p><strong>M\u00e9todo de pago<\/strong><\/p>\n<p>Efectivo, tarjeta o transferencia bancaria.<\/p>\n<\/div>\n\n<\/section>\n<\/div>\n<\/div>\n\n\n\n<figure class=\"wp-block-gallery alignfull has-nested-images columns-default is-cropped banners-secundarios wp-block-gallery-2 is-layout-flex wp-block-gallery-is-layout-flex\" style=\"margin-top:0em;margin-right:0em;margin-bottom:0em\">\n<figure class=\"wp-block-image size-full is-style-default\"><img loading=\"lazy\" decoding=\"async\" width=\"1000\" height=\"400\" data-id=\"2155\" src=\"http:\/\/supinibiza.com\/wp-content\/uploads\/2023\/06\/banner-sup-snorkel5.jpg\" alt=\"\" class=\"wp-image-2155\" srcset=\"https:\/\/supinibiza.com\/wp-content\/uploads\/2023\/06\/banner-sup-snorkel5.jpg 1000w, https:\/\/supinibiza.com\/wp-content\/uploads\/2023\/06\/banner-sup-snorkel5-300x120.jpg 300w, https:\/\/supinibiza.com\/wp-content\/uploads\/2023\/06\/banner-sup-snorkel5-768x307.jpg 768w\" sizes=\"auto, (max-width: 1000px) 100vw, 1000px\" \/><\/figure>\n\n\n\n<figure class=\"wp-block-image size-full\"><img loading=\"lazy\" decoding=\"async\" width=\"1000\" height=\"400\" data-id=\"1219\" src=\"http:\/\/supinibiza.com\/wp-content\/uploads\/2023\/05\/banner-sup-snorkel2.jpg\" alt=\"vista bajo el mar con peces\" class=\"wp-image-1219\" srcset=\"https:\/\/supinibiza.com\/wp-content\/uploads\/2023\/05\/banner-sup-snorkel2.jpg 1000w, https:\/\/supinibiza.com\/wp-content\/uploads\/2023\/05\/banner-sup-snorkel2-300x120.jpg 300w, https:\/\/supinibiza.com\/wp-content\/uploads\/2023\/05\/banner-sup-snorkel2-768x307.jpg 768w\" sizes=\"auto, (max-width: 1000px) 100vw, 1000px\" \/><\/figure>\n<\/figure>\n\n\n\n<div class=\"wp-block-columns is-layout-flex wp-container-core-columns-is-layout-0ff15226 wp-block-columns-is-layout-flex\" style=\"padding-top:5%;padding-right:10%;padding-bottom:5%;padding-left:10%\">\n<div class=\"wp-block-column is-layout-flow wp-block-column-is-layout-flow\">\n<p class=\"has-black-color has-text-color\">\u00a1Comenzaremos en la playa con una presentaci\u00f3n y habilidades b\u00e1sicas de paleo!<\/p>\n\n\n\n<p class=\"has-black-color has-text-color\">Nos dirigiremos al Sur o al Norte, dependiendo de las condiciones clim\u00e1ticas. El tour en paddle board se realiza en la Reserva Marina del Noreste de ibiza. La impresionante playa de Aig\u00fces Blanques, famosa por sus arenas doradas y aguas cristalinas, est\u00e1 justo al lado. Otro punto que no nos perderemos es la peque\u00f1a agrupaci\u00f3n de casetas varadero de es Rac\u00f3 de s\u2019Aubadar con la playa escondida a la que solo se puede acceder desde el mar,s&#8217;Arena de s\u2019Illot de s\u2019Or, a 20 minutos paleando.   <\/p>\n\n\n\n<p class=\"has-text-color\" style=\"color:#2b2b2b\">\u00a1Incre\u00edble y genuina geolog\u00eda \u00fanica en la isla de origen volc\u00e1nico, con hermosas vistas del islote de <a href=\"https:\/\/goo.gl\/maps\/cMiTCkW8AQkKd7U67\">Tagomago<\/a> al fondo! Habr\u00e1 tiempo para hacer snorkel y observar especies de peces locales del Mediterr\u00e1neo.<\/p>\n\n\n\n<p class=\"has-text-color\" style=\"color:#2b2b2b\">A menudo vemos pulpos, calamares, rayas peque\u00f1as y muchas variedades de peces peque\u00f1os, como l\u00e1bridos de decenas de colores! Las praderas marinas de Posidonia oce\u00e1nica que tapizan el fondo son un excelente hogar para que viva la vida marina. <\/p>\n\n\n\n<p class=\"has-black-color has-text-color\">\u00a1Prep\u00e1rate para muchas risas y mucha agua!<\/p>\n\n\n\n<p class=\"has-text-color\" style=\"color:#2b2b2b\"><strong><mark style=\"background-color:rgba(0, 0, 0, 0);color:#ffb629\" class=\"has-inline-color\">Incluye: <\/mark><\/strong>instructor, tabla de SUP, pala, leash, bolsa estanca, equipo de snorkel y seguro contra accidentes.<\/p>\n\n\n\n<p class=\"has-text-color\" style=\"color:#2b2b2b\"><strong><mark style=\"background-color:rgba(0, 0, 0, 0);color:#ffb629\" class=\"has-inline-color\">Lleva contigo:<\/mark><\/strong> agua, calzado que se pueda mojar, protecci\u00f3n solar, toalla y ropa seca para despu\u00e9s.<\/p>\n\n\n\n<!-- FareHarbor calendar of item #449742 -->\n<script src=\"https:\/\/fareharbor.com\/embeds\/script\/calendar-small\/kayak-ibiza\/items\/449742\/?fallback=simple&#038;full-items=yes&#038;flow=267935\"><\/script>\n<\/div>\n<\/div>\n","protected":false},"excerpt":{"rendered":"<p>SUP y Snorkel \u00a1Una aventura acu\u00e1tica apta para tod@s! Ruta guiada en SUP en la Reserva Marina del Noreste de Ibiza \u2013 es Figueral. Fechas Todos los d\u00edas en temporada de verano (Mayo-Octubre). Horarios 10:30-12:30h \/ 16:00-18:00h Precio Adultos: 50\u20ac \/ 17 a\u00f1os o menos: 35\u20ac Punto de encuentro es Figueral Reserva WhatsApp M\u00e9todo de [&hellip;]<\/p>\n","protected":false},"author":1,"featured_media":0,"parent":4061,"menu_order":0,"comment_status":"closed","ping_status":"closed","template":"","meta":{"inline_featured_image":false,"_uag_custom_page_level_css":"","site-sidebar-layout":"default","site-content-layout":"","ast-site-content-layout":"default","site-content-style":"default","site-sidebar-style":"default","ast-global-header-display":"","ast-banner-title-visibility":"","ast-main-header-display":"","ast-hfb-above-header-display":"","ast-hfb-below-header-display":"","ast-hfb-mobile-header-display":"","site-post-title":"disabled","ast-breadcrumbs-content":"","ast-featured-img":"","footer-sml-layout":"","ast-disable-related-posts":"","theme-transparent-header-meta":"","adv-header-id-meta":"","stick-header-meta":"","header-above-stick-meta":"","header-main-stick-meta":"","header-below-stick-meta":"","astra-migrate-meta-layouts":"set","ast-page-background-enabled":"default","ast-page-background-meta":{"desktop":{"background-color":"var(--ast-global-color-4)","background-image":"","background-repeat":"repeat","background-position":"center center","background-size":"auto","background-attachment":"scroll","background-type":"","background-media":"","overlay-type":"","overlay-color":"","overlay-opacity":"","overlay-gradient":""},"tablet":{"background-color":"","background-image":"","background-repeat":"repeat","background-position":"center center","background-size":"auto","background-attachment":"scroll","background-type":"","background-media":"","overlay-type":"","overlay-color":"","overlay-opacity":"","overlay-gradient":""},"mobile":{"background-color":"","background-image":"","background-repeat":"repeat","background-position":"center center","background-size":"auto","background-attachment":"scroll","background-type":"","background-media":"","overlay-type":"","overlay-color":"","overlay-opacity":"","overlay-gradient":""}},"ast-content-background-meta":{"desktop":{"background-color":"var(--ast-global-color-5)","background-image":"","background-repeat":"repeat","background-position":"center center","background-size":"auto","background-attachment":"scroll","background-type":"","background-media":"","overlay-type":"","overlay-color":"","overlay-opacity":"","overlay-gradient":""},"tablet":{"background-color":"var(--ast-global-color-5)","background-image":"","background-repeat":"repeat","background-position":"center center","background-size":"auto","background-attachment":"scroll","background-type":"","background-media":"","overlay-type":"","overlay-color":"","overlay-opacity":"","overlay-gradient":""},"mobile":{"background-color":"var(--ast-global-color-5)","background-image":"","background-repeat":"repeat","background-position":"center center","background-size":"auto","background-attachment":"scroll","background-type":"","background-media":"","overlay-type":"","overlay-color":"","overlay-opacity":"","overlay-gradient":""}},"_joinchat":[],"footnotes":""},"class_list":["post-4056","page","type-page","status-publish","hentry"],"yoast_head":"<!-- This site is optimized with the Yoast SEO plugin v27.5 - https:\/\/yoast.com\/product\/yoast-seo-wordpress\/ -->\n<title>SUP y Snorkel - SUP&#039;in Ibiza<\/title>\n<meta name=\"description\" content=\"\u00a1Comenzaremos en la playa con una presentaci\u00f3n y habilidades b\u00e1sicas de paleo! Nos dirigiremos al Sur o al Norte, dependiendo de las condiciones clim\u00e1ticas.\" \/>\n<meta name=\"robots\" content=\"index, follow, max-snippet:-1, max-image-preview:large, max-video-preview:-1\" \/>\n<link rel=\"canonical\" href=\"https:\/\/supinibiza.com\/es\/inicio\/sup-y-snorkel\/\" \/>\n<meta property=\"og:locale\" content=\"es_ES\" \/>\n<meta property=\"og:type\" content=\"article\" \/>\n<meta property=\"og:title\" content=\"SUP y Snorkel - SUP&#039;in Ibiza\" \/>\n<meta property=\"og:description\" content=\"\u00a1Comenzaremos en la playa con una presentaci\u00f3n y habilidades b\u00e1sicas de paleo! Nos dirigiremos al Sur o al Norte, dependiendo de las condiciones clim\u00e1ticas.\" \/>\n<meta property=\"og:url\" content=\"https:\/\/supinibiza.com\/es\/inicio\/sup-y-snorkel\/\" \/>\n<meta property=\"og:site_name\" content=\"SUP&#039;in Ibiza\" \/>\n<meta property=\"article:modified_time\" content=\"2025-04-22T01:03:20+00:00\" \/>\n<meta property=\"og:image\" content=\"http:\/\/supinibiza.com\/wp-content\/uploads\/2023\/04\/snorkel.svg\" \/>\n<meta name=\"twitter:card\" content=\"summary_large_image\" \/>\n<meta name=\"twitter:label1\" content=\"Tiempo de lectura\" \/>\n\t<meta name=\"twitter:data1\" content=\"4 minutos\" \/>\n<script type=\"application\/ld+json\" class=\"yoast-schema-graph\">{\"@context\":\"https:\\\/\\\/schema.org\",\"@graph\":[{\"@type\":\"WebPage\",\"@id\":\"https:\\\/\\\/supinibiza.com\\\/es\\\/inicio\\\/sup-y-snorkel\\\/\",\"url\":\"https:\\\/\\\/supinibiza.com\\\/es\\\/inicio\\\/sup-y-snorkel\\\/\",\"name\":\"SUP y Snorkel - SUP&#039;in Ibiza\",\"isPartOf\":{\"@id\":\"https:\\\/\\\/supinibiza.com\\\/es\\\/#website\"},\"primaryImageOfPage\":{\"@id\":\"https:\\\/\\\/supinibiza.com\\\/es\\\/inicio\\\/sup-y-snorkel\\\/#primaryimage\"},\"image\":{\"@id\":\"https:\\\/\\\/supinibiza.com\\\/es\\\/inicio\\\/sup-y-snorkel\\\/#primaryimage\"},\"thumbnailUrl\":\"http:\\\/\\\/supinibiza.com\\\/wp-content\\\/uploads\\\/2023\\\/04\\\/snorkel.svg\",\"datePublished\":\"2023-04-08T22:07:03+00:00\",\"dateModified\":\"2025-04-22T01:03:20+00:00\",\"description\":\"\u00a1Comenzaremos en la playa con una presentaci\u00f3n y habilidades b\u00e1sicas de paleo! Nos dirigiremos al Sur o al Norte, dependiendo de las condiciones clim\u00e1ticas.\",\"breadcrumb\":{\"@id\":\"https:\\\/\\\/supinibiza.com\\\/es\\\/inicio\\\/sup-y-snorkel\\\/#breadcrumb\"},\"inLanguage\":\"es\",\"potentialAction\":[{\"@type\":\"ReadAction\",\"target\":[\"https:\\\/\\\/supinibiza.com\\\/es\\\/inicio\\\/sup-y-snorkel\\\/\"]}]},{\"@type\":\"ImageObject\",\"inLanguage\":\"es\",\"@id\":\"https:\\\/\\\/supinibiza.com\\\/es\\\/inicio\\\/sup-y-snorkel\\\/#primaryimage\",\"url\":\"http:\\\/\\\/supinibiza.com\\\/wp-content\\\/uploads\\\/2023\\\/04\\\/snorkel.svg\",\"contentUrl\":\"http:\\\/\\\/supinibiza.com\\\/wp-content\\\/uploads\\\/2023\\\/04\\\/snorkel.svg\"},{\"@type\":\"BreadcrumbList\",\"@id\":\"https:\\\/\\\/supinibiza.com\\\/es\\\/inicio\\\/sup-y-snorkel\\\/#breadcrumb\",\"itemListElement\":[{\"@type\":\"ListItem\",\"position\":1,\"name\":\"Home\",\"item\":\"https:\\\/\\\/supinibiza.com\\\/es\\\/\"},{\"@type\":\"ListItem\",\"position\":2,\"name\":\"Inicio\",\"item\":\"https:\\\/\\\/supinibiza.com\\\/es\\\/\"},{\"@type\":\"ListItem\",\"position\":3,\"name\":\"SUP y Snorkel\"}]},{\"@type\":\"WebSite\",\"@id\":\"https:\\\/\\\/supinibiza.com\\\/es\\\/#website\",\"url\":\"https:\\\/\\\/supinibiza.com\\\/es\\\/\",\"name\":\"SUP'in Ibiza\",\"description\":\"We are SUP&#039;in Ibiza! Daily excursions, SUP school for all levels, and board rental. We are on the beach in es Figueral, Ibiza. In summer we open every day from 10am to 6.30pm but we are active all year! Ask us for more info!\",\"publisher\":{\"@id\":\"https:\\\/\\\/supinibiza.com\\\/es\\\/#organization\"},\"potentialAction\":[{\"@type\":\"SearchAction\",\"target\":{\"@type\":\"EntryPoint\",\"urlTemplate\":\"https:\\\/\\\/supinibiza.com\\\/es\\\/?s={search_term_string}\"},\"query-input\":{\"@type\":\"PropertyValueSpecification\",\"valueRequired\":true,\"valueName\":\"search_term_string\"}}],\"inLanguage\":\"es\"},{\"@type\":\"Organization\",\"@id\":\"https:\\\/\\\/supinibiza.com\\\/es\\\/#organization\",\"name\":\"SUP'in Ibiza\",\"url\":\"https:\\\/\\\/supinibiza.com\\\/es\\\/\",\"logo\":{\"@type\":\"ImageObject\",\"inLanguage\":\"es\",\"@id\":\"https:\\\/\\\/supinibiza.com\\\/es\\\/#\\\/schema\\\/logo\\\/image\\\/\",\"url\":\"http:\\\/\\\/supinibiza.com\\\/wp-content\\\/uploads\\\/2023\\\/04\\\/logo-color-1.svg\",\"contentUrl\":\"http:\\\/\\\/supinibiza.com\\\/wp-content\\\/uploads\\\/2023\\\/04\\\/logo-color-1.svg\",\"width\":333,\"height\":208,\"caption\":\"SUP'in Ibiza\"},\"image\":{\"@id\":\"https:\\\/\\\/supinibiza.com\\\/es\\\/#\\\/schema\\\/logo\\\/image\\\/\"}}]}<\/script>\n<!-- \/ Yoast SEO plugin. -->","yoast_head_json":{"title":"SUP y Snorkel - SUP&#039;in Ibiza","description":"\u00a1Comenzaremos en la playa con una presentaci\u00f3n y habilidades b\u00e1sicas de paleo! Nos dirigiremos al Sur o al Norte, dependiendo de las condiciones clim\u00e1ticas.","robots":{"index":"index","follow":"follow","max-snippet":"max-snippet:-1","max-image-preview":"max-image-preview:large","max-video-preview":"max-video-preview:-1"},"canonical":"https:\/\/supinibiza.com\/es\/inicio\/sup-y-snorkel\/","og_locale":"es_ES","og_type":"article","og_title":"SUP y Snorkel - SUP&#039;in Ibiza","og_description":"\u00a1Comenzaremos en la playa con una presentaci\u00f3n y habilidades b\u00e1sicas de paleo! Nos dirigiremos al Sur o al Norte, dependiendo de las condiciones clim\u00e1ticas.","og_url":"https:\/\/supinibiza.com\/es\/inicio\/sup-y-snorkel\/","og_site_name":"SUP&#039;in Ibiza","article_modified_time":"2025-04-22T01:03:20+00:00","og_image":[{"url":"http:\/\/supinibiza.com\/wp-content\/uploads\/2023\/04\/snorkel.svg","type":"","width":"","height":""}],"twitter_card":"summary_large_image","twitter_misc":{"Tiempo de lectura":"4 minutos"},"schema":{"@context":"https:\/\/schema.org","@graph":[{"@type":"WebPage","@id":"https:\/\/supinibiza.com\/es\/inicio\/sup-y-snorkel\/","url":"https:\/\/supinibiza.com\/es\/inicio\/sup-y-snorkel\/","name":"SUP y Snorkel - SUP&#039;in Ibiza","isPartOf":{"@id":"https:\/\/supinibiza.com\/es\/#website"},"primaryImageOfPage":{"@id":"https:\/\/supinibiza.com\/es\/inicio\/sup-y-snorkel\/#primaryimage"},"image":{"@id":"https:\/\/supinibiza.com\/es\/inicio\/sup-y-snorkel\/#primaryimage"},"thumbnailUrl":"http:\/\/supinibiza.com\/wp-content\/uploads\/2023\/04\/snorkel.svg","datePublished":"2023-04-08T22:07:03+00:00","dateModified":"2025-04-22T01:03:20+00:00","description":"\u00a1Comenzaremos en la playa con una presentaci\u00f3n y habilidades b\u00e1sicas de paleo! Nos dirigiremos al Sur o al Norte, dependiendo de las condiciones clim\u00e1ticas.","breadcrumb":{"@id":"https:\/\/supinibiza.com\/es\/inicio\/sup-y-snorkel\/#breadcrumb"},"inLanguage":"es","potentialAction":[{"@type":"ReadAction","target":["https:\/\/supinibiza.com\/es\/inicio\/sup-y-snorkel\/"]}]},{"@type":"ImageObject","inLanguage":"es","@id":"https:\/\/supinibiza.com\/es\/inicio\/sup-y-snorkel\/#primaryimage","url":"http:\/\/supinibiza.com\/wp-content\/uploads\/2023\/04\/snorkel.svg","contentUrl":"http:\/\/supinibiza.com\/wp-content\/uploads\/2023\/04\/snorkel.svg"},{"@type":"BreadcrumbList","@id":"https:\/\/supinibiza.com\/es\/inicio\/sup-y-snorkel\/#breadcrumb","itemListElement":[{"@type":"ListItem","position":1,"name":"Home","item":"https:\/\/supinibiza.com\/es\/"},{"@type":"ListItem","position":2,"name":"Inicio","item":"https:\/\/supinibiza.com\/es\/"},{"@type":"ListItem","position":3,"name":"SUP y Snorkel"}]},{"@type":"WebSite","@id":"https:\/\/supinibiza.com\/es\/#website","url":"https:\/\/supinibiza.com\/es\/","name":"SUP'in Ibiza","description":"We are SUP&#039;in Ibiza! Daily excursions, SUP school for all levels, and board rental. We are on the beach in es Figueral, Ibiza. In summer we open every day from 10am to 6.30pm but we are active all year! Ask us for more info!","publisher":{"@id":"https:\/\/supinibiza.com\/es\/#organization"},"potentialAction":[{"@type":"SearchAction","target":{"@type":"EntryPoint","urlTemplate":"https:\/\/supinibiza.com\/es\/?s={search_term_string}"},"query-input":{"@type":"PropertyValueSpecification","valueRequired":true,"valueName":"search_term_string"}}],"inLanguage":"es"},{"@type":"Organization","@id":"https:\/\/supinibiza.com\/es\/#organization","name":"SUP'in Ibiza","url":"https:\/\/supinibiza.com\/es\/","logo":{"@type":"ImageObject","inLanguage":"es","@id":"https:\/\/supinibiza.com\/es\/#\/schema\/logo\/image\/","url":"http:\/\/supinibiza.com\/wp-content\/uploads\/2023\/04\/logo-color-1.svg","contentUrl":"http:\/\/supinibiza.com\/wp-content\/uploads\/2023\/04\/logo-color-1.svg","width":333,"height":208,"caption":"SUP'in Ibiza"},"image":{"@id":"https:\/\/supinibiza.com\/es\/#\/schema\/logo\/image\/"}}]}},"uagb_featured_image_src":{"full":false,"thumbnail":false,"medium":false,"medium_large":false,"large":false,"1536x1536":false,"2048x2048":false},"uagb_author_info":{"display_name":"godoysilvana.d@gmail.com","author_link":"https:\/\/supinibiza.com\/es\/author\/godoysilvana-dgmail-com\/"},"uagb_comment_info":0,"uagb_excerpt":"SUP y Snorkel \u00a1Una aventura acu\u00e1tica apta para tod@s! Ruta guiada en SUP en la Reserva Marina del Noreste de Ibiza \u2013 es Figueral. Fechas Todos los d\u00edas en temporada de verano (Mayo-Octubre). Horarios 10:30-12:30h \/ 16:00-18:00h Precio Adultos: 50\u20ac \/ 17 a\u00f1os o menos: 35\u20ac Punto de encuentro es Figueral Reserva WhatsApp M\u00e9todo de&hellip;","_links":{"self":[{"href":"https:\/\/supinibiza.com\/es\/wp-json\/wp\/v2\/pages\/4056","targetHints":{"allow":["GET"]}}],"collection":[{"href":"https:\/\/supinibiza.com\/es\/wp-json\/wp\/v2\/pages"}],"about":[{"href":"https:\/\/supinibiza.com\/es\/wp-json\/wp\/v2\/types\/page"}],"author":[{"embeddable":true,"href":"https:\/\/supinibiza.com\/es\/wp-json\/wp\/v2\/users\/1"}],"replies":[{"embeddable":true,"href":"https:\/\/supinibiza.com\/es\/wp-json\/wp\/v2\/comments?post=4056"}],"version-history":[{"count":0,"href":"https:\/\/supinibiza.com\/es\/wp-json\/wp\/v2\/pages\/4056\/revisions"}],"up":[{"embeddable":true,"href":"https:\/\/supinibiza.com\/es\/wp-json\/wp\/v2\/pages\/4061"}],"wp:attachment":[{"href":"https:\/\/supinibiza.com\/es\/wp-json\/wp\/v2\/media?parent=4056"}],"curies":[{"name":"wp","href":"https:\/\/api.w.org\/{rel}","templated":true}]}}